{"id":9148,"date":"2021-07-07T11:23:31","date_gmt":"2021-07-07T09:23:31","guid":{"rendered":"https:\/\/www.ringier.com\/legal-notice\/"},"modified":"2021-11-17T17:15:02","modified_gmt":"2021-11-17T16:15:02","slug":"mentions-legales","status":"publish","type":"page","link":"https:\/\/www.ringier.com\/fr\/mentions-legales\/","title":{"rendered":"Mentions l\u00e9gales"},"content":{"rendered":"<div class=\"field-item even\">\n<div class=\"ds-1col entity entity-paragraphs-item paragraphs-item-text background-white view-mode-full_width clearfix\">\n<div class=\"content-wrapper\">\n<div class=\"field field-name-field-text field-type-text-long field-label-hidden\">\n<div class=\"field-items\">\n<div class=\"field-item even\">\n<p><span style=\"font-weight: 400;\">Les contenus du site Web professionnel de Ringier sont mis \u00e0 jour avec soin et prot\u00e9g\u00e9s par le droit d\u2019auteur. Ringier d\u00e9cline toute responsabilit\u00e9 pour les contenus de liens externes.<\/span><\/p>\n<p><b>Concepts et contenus:<\/b><\/p>\n<ul>\n<li><span style=\"font-weight: 400;\">Ringier Corporate Communications<\/span><\/li>\n<\/ul>\n<p><b>Technology:<\/b><\/p>\n<ul>\n<li><span style=\"font-weight: 400;\">Ringier Afrique du Sud<\/span><\/li>\n<\/ul>\n<p><b>Usability et Design:<\/b><\/p>\n<ul>\n<li style=\"font-weight: 400;\" aria-level=\"1\"><span style=\"font-weight: 400;\">Ringier Afrique du Sud<\/span><\/li>\n<li style=\"font-weight: 400;\" aria-level=\"1\"><span style=\"font-weight: 400;\">FS Parker AG<\/span><\/li>\n<\/ul>\n<p><span style=\"font-weight: 400;\">Pour toute question sur le site Web, veuillez contacter Ringier Corporate Communications<\/span><span style=\"font-weight: 400;\">:<\/span><\/p>\n<p><span style=\"font-weight: 400;\">Ringier AG<br \/>\nC<\/span><span style=\"font-weight: 400;\">orporate Communications<br \/>\n<\/span><span style=\"font-weight: 400;\">Dufourstrasse 23<br \/>\n<\/span><span style=\"font-weight: 400;\">8008 Zurich<\/span><span style=\"font-weight: 400;\"><br \/>\n<\/span><span style=\"font-weight: 400;\">Suisse<\/span><span style=\"font-weight: 400;\"><br \/>\n<\/span><span style=\"font-weight: 400;\">+41 44 259 64 44<\/span><span style=\"font-weight: 400;\"><br \/>\n<\/span><a href=\"mailto:media@ringier.ch\"><span style=\"font-weight: 400;\">media@ringier.ch<\/span><\/a><\/p>\n<p><strong>Si\u00e8ge enregistr\u00e9:<br \/>\n<\/strong><span style=\"font-weight: 400;\">Ringier AG<br \/>\n<\/span><span style=\"font-weight: 400;\">Br\u00fchlstrasse. 5<br \/>\n<\/span><span style=\"font-weight: 400;\">4800 Zofingue<br \/>\n<\/span><span style=\"font-weight: 400;\">Suisse<\/span><\/p>\n<\/div>\n<\/div>\n<\/div>\n<\/div>\n<\/div>\n<\/div>\n","protected":false},"excerpt":{"rendered":"<p>Les contenus du site Web professionnel de Ringier sont mis \u00e0 jour avec soin et prot\u00e9g\u00e9s par le droit d\u2019auteur. Ringier d\u00e9cline toute responsabilit\u00e9 pour les contenus de liens externes. Concepts et contenus: Ringier Corporate Communications Technology: Ringier Afrique du Sud Usability et Design: Ringier Afrique du Sud FS Parker AG Pour toute question sur [&hellip;]<\/p>\n","protected":false},"author":5,"featured_media":0,"parent":0,"menu_order":0,"comment_status":"closed","ping_status":"closed","template":"","meta":{"inline_featured_image":false},"product":[],"class_list":["post-9148","page","type-page","status-publish","hentry"],"yoast_head":"<!-- This site is optimized with the Yoast SEO Premium plugin v27.0 (Yoast SEO v27.0) - https:\/\/yoast.com\/product\/yoast-seo-premium-wordpress\/ -->\n<title>Avis juridique \u2013 Nos droits et obligations juridiques | Ringier<\/title>\n<meta name=\"description\" content=\"Le contenu du site Web d&#039;entreprise Ringier est prot\u00e9g\u00e9 par le droit d&#039;auteur et nous ne sommes pas responsables du contenu externe.\" \/>\n<meta name=\"robots\" content=\"index, follow, max-snippet:-1, max-image-preview:large, max-video-preview:-1\" \/>\n<link rel=\"canonical\" href=\"https:\/\/www.ringier.com\/fr\/mentions-legales\/\" \/>\n<meta property=\"og:locale\" content=\"fr_FR\" \/>\n<meta property=\"og:type\" content=\"article\" \/>\n<meta property=\"og:title\" content=\"Mentions l\u00e9gales\" \/>\n<meta property=\"og:description\" content=\"Le contenu du site Web d&#039;entreprise Ringier est prot\u00e9g\u00e9 par le droit d&#039;auteur et nous ne sommes pas responsables du contenu externe.\" \/>\n<meta property=\"og:url\" content=\"https:\/\/www.ringier.com\/fr\/mentions-legales\/\" \/>\n<meta property=\"og:site_name\" content=\"Ringier\" \/>\n<meta property=\"article:publisher\" content=\"https:\/\/www.facebook.com\/ringierag\/\" \/>\n<meta property=\"article:modified_time\" content=\"2021-11-17T16:15:02+00:00\" \/>\n<meta name=\"twitter:card\" content=\"summary_large_image\" \/>\n<meta name=\"twitter:site\" content=\"@ringier_ag\" \/>\n<meta name=\"twitter:label1\" content=\"Dur\u00e9e de lecture estim\u00e9e\" \/>\n\t<meta name=\"twitter:data1\" content=\"1 minute\" \/>\n<script type=\"application\/ld+json\" class=\"yoast-schema-graph\">{\"@context\":\"https:\/\/schema.org\",\"@graph\":[{\"@type\":\"WebPage\",\"@id\":\"https:\/\/www.ringier.com\/fr\/mentions-legales\/\",\"url\":\"https:\/\/www.ringier.com\/fr\/mentions-legales\/\",\"name\":\"Avis juridique \u2013 Nos droits et obligations juridiques | Ringier\",\"isPartOf\":{\"@id\":\"https:\/\/www.ringier.com\/fr\/#website\"},\"datePublished\":\"2021-07-07T09:23:31+00:00\",\"dateModified\":\"2021-11-17T16:15:02+00:00\",\"description\":\"Le contenu du site Web d'entreprise Ringier est prot\u00e9g\u00e9 par le droit d'auteur et nous ne sommes pas responsables du contenu externe.\",\"breadcrumb\":{\"@id\":\"https:\/\/www.ringier.com\/fr\/mentions-legales\/#breadcrumb\"},\"inLanguage\":\"fr-FR\",\"potentialAction\":[{\"@type\":\"ReadAction\",\"target\":[\"https:\/\/www.ringier.com\/fr\/mentions-legales\/\"]}]},{\"@type\":\"BreadcrumbList\",\"@id\":\"https:\/\/www.ringier.com\/fr\/mentions-legales\/#breadcrumb\",\"itemListElement\":[{\"@type\":\"ListItem\",\"position\":1,\"name\":\"Home\",\"item\":\"https:\/\/www.ringier.com\/fr\/\"},{\"@type\":\"ListItem\",\"position\":2,\"name\":\"Mentions l\u00e9gales\"}]},{\"@type\":\"WebSite\",\"@id\":\"https:\/\/www.ringier.com\/fr\/#website\",\"url\":\"https:\/\/www.ringier.com\/fr\/\",\"name\":\"Ringier\",\"description\":\"We inform. We entertain. We connect\",\"publisher\":{\"@id\":\"https:\/\/www.ringier.com\/fr\/#organization\"},\"potentialAction\":[{\"@type\":\"SearchAction\",\"target\":{\"@type\":\"EntryPoint\",\"urlTemplate\":\"https:\/\/www.ringier.com\/fr\/?s={search_term_string}\"},\"query-input\":{\"@type\":\"PropertyValueSpecification\",\"valueRequired\":true,\"valueName\":\"search_term_string\"}}],\"inLanguage\":\"fr-FR\"},{\"@type\":\"Organization\",\"@id\":\"https:\/\/www.ringier.com\/fr\/#organization\",\"name\":\"Ringier\",\"url\":\"https:\/\/www.ringier.com\/fr\/\",\"logo\":{\"@type\":\"ImageObject\",\"inLanguage\":\"fr-FR\",\"@id\":\"https:\/\/www.ringier.com\/fr\/#\/schema\/logo\/image\/\",\"url\":\"https:\/\/www.ringier.com\/wp-content\/uploads\/2021\/10\/ringier_logo_2.jpg\",\"contentUrl\":\"https:\/\/www.ringier.com\/wp-content\/uploads\/2021\/10\/ringier_logo_2.jpg\",\"width\":750,\"height\":550,\"caption\":\"Ringier\"},\"image\":{\"@id\":\"https:\/\/www.ringier.com\/fr\/#\/schema\/logo\/image\/\"},\"sameAs\":[\"https:\/\/www.facebook.com\/ringierag\/\",\"https:\/\/x.com\/ringier_ag\",\"https:\/\/www.instagram.com\/ringier_ag\/\",\"https:\/\/www.linkedin.com\/company\/ringier\/\",\"https:\/\/www.youtube.com\/user\/RingierComm\",\"https:\/\/en.wikipedia.org\/wiki\/Ringier\",\"https:\/\/de.wikipedia.org\/wiki\/Ringier\",\"https:\/\/fr.wikipedia.org\/wiki\/Ringier\",\"https:\/\/www.crunchbase.com\/organization\/ringier-ag\"]}]}<\/script>\n<!-- \/ Yoast SEO Premium plugin. -->","yoast_head_json":{"title":"Avis juridique \u2013 Nos droits et obligations juridiques | Ringier","description":"Le contenu du site Web d'entreprise Ringier est prot\u00e9g\u00e9 par le droit d'auteur et nous ne sommes pas responsables du contenu externe.","robots":{"index":"index","follow":"follow","max-snippet":"max-snippet:-1","max-image-preview":"max-image-preview:large","max-video-preview":"max-video-preview:-1"},"canonical":"https:\/\/www.ringier.com\/fr\/mentions-legales\/","og_locale":"fr_FR","og_type":"article","og_title":"Mentions l\u00e9gales","og_description":"Le contenu du site Web d'entreprise Ringier est prot\u00e9g\u00e9 par le droit d'auteur et nous ne sommes pas responsables du contenu externe.","og_url":"https:\/\/www.ringier.com\/fr\/mentions-legales\/","og_site_name":"Ringier","article_publisher":"https:\/\/www.facebook.com\/ringierag\/","article_modified_time":"2021-11-17T16:15:02+00:00","twitter_card":"summary_large_image","twitter_site":"@ringier_ag","twitter_misc":{"Dur\u00e9e de lecture estim\u00e9e":"1 minute"},"schema":{"@context":"https:\/\/schema.org","@graph":[{"@type":"WebPage","@id":"https:\/\/www.ringier.com\/fr\/mentions-legales\/","url":"https:\/\/www.ringier.com\/fr\/mentions-legales\/","name":"Avis juridique \u2013 Nos droits et obligations juridiques | Ringier","isPartOf":{"@id":"https:\/\/www.ringier.com\/fr\/#website"},"datePublished":"2021-07-07T09:23:31+00:00","dateModified":"2021-11-17T16:15:02+00:00","description":"Le contenu du site Web d'entreprise Ringier est prot\u00e9g\u00e9 par le droit d'auteur et nous ne sommes pas responsables du contenu externe.","breadcrumb":{"@id":"https:\/\/www.ringier.com\/fr\/mentions-legales\/#breadcrumb"},"inLanguage":"fr-FR","potentialAction":[{"@type":"ReadAction","target":["https:\/\/www.ringier.com\/fr\/mentions-legales\/"]}]},{"@type":"BreadcrumbList","@id":"https:\/\/www.ringier.com\/fr\/mentions-legales\/#breadcrumb","itemListElement":[{"@type":"ListItem","position":1,"name":"Home","item":"https:\/\/www.ringier.com\/fr\/"},{"@type":"ListItem","position":2,"name":"Mentions l\u00e9gales"}]},{"@type":"WebSite","@id":"https:\/\/www.ringier.com\/fr\/#website","url":"https:\/\/www.ringier.com\/fr\/","name":"Ringier","description":"We inform. We entertain. We connect","publisher":{"@id":"https:\/\/www.ringier.com\/fr\/#organization"},"potentialAction":[{"@type":"SearchAction","target":{"@type":"EntryPoint","urlTemplate":"https:\/\/www.ringier.com\/fr\/?s={search_term_string}"},"query-input":{"@type":"PropertyValueSpecification","valueRequired":true,"valueName":"search_term_string"}}],"inLanguage":"fr-FR"},{"@type":"Organization","@id":"https:\/\/www.ringier.com\/fr\/#organization","name":"Ringier","url":"https:\/\/www.ringier.com\/fr\/","logo":{"@type":"ImageObject","inLanguage":"fr-FR","@id":"https:\/\/www.ringier.com\/fr\/#\/schema\/logo\/image\/","url":"https:\/\/www.ringier.com\/wp-content\/uploads\/2021\/10\/ringier_logo_2.jpg","contentUrl":"https:\/\/www.ringier.com\/wp-content\/uploads\/2021\/10\/ringier_logo_2.jpg","width":750,"height":550,"caption":"Ringier"},"image":{"@id":"https:\/\/www.ringier.com\/fr\/#\/schema\/logo\/image\/"},"sameAs":["https:\/\/www.facebook.com\/ringierag\/","https:\/\/x.com\/ringier_ag","https:\/\/www.instagram.com\/ringier_ag\/","https:\/\/www.linkedin.com\/company\/ringier\/","https:\/\/www.youtube.com\/user\/RingierComm","https:\/\/en.wikipedia.org\/wiki\/Ringier","https:\/\/de.wikipedia.org\/wiki\/Ringier","https:\/\/fr.wikipedia.org\/wiki\/Ringier","https:\/\/www.crunchbase.com\/organization\/ringier-ag"]}]}},"_links":{"self":[{"href":"https:\/\/www.ringier.com\/fr\/wp-json\/wp\/v2\/pages\/9148","targetHints":{"allow":["GET"]}}],"collection":[{"href":"https:\/\/www.ringier.com\/fr\/wp-json\/wp\/v2\/pages"}],"about":[{"href":"https:\/\/www.ringier.com\/fr\/wp-json\/wp\/v2\/types\/page"}],"author":[{"embeddable":true,"href":"https:\/\/www.ringier.com\/fr\/wp-json\/wp\/v2\/users\/5"}],"replies":[{"embeddable":true,"href":"https:\/\/www.ringier.com\/fr\/wp-json\/wp\/v2\/comments?post=9148"}],"version-history":[{"count":0,"href":"https:\/\/www.ringier.com\/fr\/wp-json\/wp\/v2\/pages\/9148\/revisions"}],"wp:attachment":[{"href":"https:\/\/www.ringier.com\/fr\/wp-json\/wp\/v2\/media?parent=9148"}],"wp:term":[{"taxonomy":"product","embeddable":true,"href":"https:\/\/www.ringier.com\/fr\/wp-json\/wp\/v2\/product?post=9148"}],"curies":[{"name":"wp","href":"https:\/\/api.w.org\/{rel}","templated":true}]}}