{"id":9142,"date":"2021-07-07T11:35:19","date_gmt":"2021-07-07T09:35:19","guid":{"rendered":"https:\/\/www.ringier.com\/art\/"},"modified":"2025-07-04T14:29:33","modified_gmt":"2025-07-04T12:29:33","slug":"lart","status":"publish","type":"page","link":"https:\/\/www.ringier.com\/fr\/lart\/","title":{"rendered":"L&rsquo;Art"},"content":{"rendered":"<p>Art et journalisme sont in\u00adti\u00admement li\u00e9s chez Ringier. Plus de 200 \u0153uvres d\u2019art accompagnent nos collaborateurs dans leur travail quotidien. Il ne s\u2019agit pas d\u2019une simple d\u00e9coration, mais d\u2019une passion de notre \u00e9diteur Michael Ringier, et plus encore.<\/p>\n<blockquote><p>\u00abL\u2019on se rend dans un mus\u00e9e avec l\u2019in\u00adtention d\u2019admirer des \u0153uvres d\u2019art et l\u2019on a alors en t\u00eate une id\u00e9e assez pr\u00e9cise de ce que l\u2019on s\u2019attend \u00e0 vivre. Dans une en\u00adt\u00adreprise, il en va tout autrement: l\u2019art s\u2019im\u00admis\u00adce par hasard dans le quotidien de tout un chacun, ce qui produit un tout autre effet. L\u2019art est om\u00adnipr\u00e9s\u00adent.<\/p>\n<p>Suspendu \u00e0 un mur dans un corridor ou un hall, l\u2019art effleure la conscience de chacun d\u2019une l\u00e9g\u00e8re touche, discr\u00e8te et subjective. L\u2019influence de l\u2019art chez Ringier est sans doute plus forte encore que celle exerc\u00e9e par les oeuvres d\u2019art dans un mus\u00e9e que l\u2019on visite une fois ou deux tout au plus.<\/p>\n<p>L\u2019art et le journalisme invitent \u00e0 se remettre en ques\u00adtion, et tous deux font surgir des \u00e9motions. Ils engagent des pol\u00e9miques et polarisent les opinions. Mais avant tout, ils doivent se mon\u00adtrer subtils et perspicaces. L\u2019art et le journalisme soul\u00e8vent des ques\u00adtions qui nous mettent sur la voie de nouvelles r\u00e9ponses.<\/p>\n<p>Plus im\u00adportant encore: l\u2019art en\u00adtra\u00eene des d\u00e9cisions subjectives. Il fait \u00e9cho \u00e0 nos \u00e9motions, refl\u00e8te nos doutes. Ainsi, les d\u00e9cisions auxquelles nous abou\u00adtissons face \u00e0 une oeuvre d\u2019art sont souvent les m\u00eames que celles que nous prenons au sein d\u2019une en\u00adt\u00adreprise. S\u2019impr\u00e9gner d\u2019art est une sorte d\u2019en\u00adtra\u00eenement pr\u00e9al\u00adable au processus d\u00e9cisionnel au sein de l\u2019en\u00adt\u00adreprise.\u00bb<\/p><\/blockquote>\n<p>Michael Ringier<\/p>\n","protected":false},"excerpt":{"rendered":"<p>Art et journalisme sont in\u00adti\u00admement li\u00e9s chez Ringier. Plus de 200 \u0153uvres d\u2019art accompagnent nos collaborateurs dans leur travail quotidien. Il ne s\u2019agit pas d\u2019une simple d\u00e9coration, mais d\u2019une passion de notre \u00e9diteur Michael Ringier, et plus encore. \u00abL\u2019on se rend dans un mus\u00e9e avec l\u2019in\u00adtention d\u2019admirer des \u0153uvres d\u2019art et l\u2019on a alors en [&hellip;]<\/p>\n","protected":false},"author":5,"featured_media":2616,"parent":0,"menu_order":0,"comment_status":"closed","ping_status":"closed","template":"page-templates\/art.php","meta":{"inline_featured_image":false},"product":[],"class_list":["post-9142","page","type-page","status-publish","has-post-thumbnail","hentry"],"yoast_head":"<!-- This site is optimized with the Yoast SEO Premium plugin v27.0 (Yoast SEO v27.0) - https:\/\/yoast.com\/product\/yoast-seo-premium-wordpress\/ -->\n<title>Art \u2013 D\u00e9couvrez notre monde artistique et culturel | Ringier<\/title>\n<meta name=\"description\" content=\"Chez Ringier, l&#039;art fait partie de notre culture et de la passion pour le fondateur et pr\u00e9sident du conseil d&#039;administration Michael Ringier. Lire la suite\" \/>\n<meta name=\"robots\" content=\"index, follow, max-snippet:-1, max-image-preview:large, max-video-preview:-1\" \/>\n<link rel=\"canonical\" href=\"https:\/\/www.ringier.com\/fr\/lart\/\" \/>\n<meta property=\"og:locale\" content=\"fr_FR\" \/>\n<meta property=\"og:type\" content=\"article\" \/>\n<meta property=\"og:title\" content=\"L&#039;Art\" \/>\n<meta property=\"og:description\" content=\"Chez Ringier, l&#039;art fait partie de notre culture et de la passion pour le fondateur et pr\u00e9sident du conseil d&#039;administration Michael Ringier. Lire la suite\" \/>\n<meta property=\"og:url\" content=\"https:\/\/www.ringier.com\/fr\/lart\/\" \/>\n<meta property=\"og:site_name\" content=\"Ringier\" \/>\n<meta property=\"article:publisher\" content=\"https:\/\/www.facebook.com\/ringierag\/\" \/>\n<meta property=\"article:modified_time\" content=\"2025-07-04T12:29:33+00:00\" \/>\n<meta property=\"og:image\" content=\"https:\/\/www.ringier.com\/wp-content\/uploads\/2021\/08\/Michael-Ringier_Schweiz-am-Sonntag_20160425.jpg\" \/>\n\t<meta property=\"og:image:width\" content=\"700\" \/>\n\t<meta property=\"og:image:height\" content=\"400\" \/>\n\t<meta property=\"og:image:type\" content=\"image\/jpeg\" \/>\n<meta name=\"twitter:card\" content=\"summary_large_image\" \/>\n<meta name=\"twitter:site\" content=\"@ringier_ag\" \/>\n<meta name=\"twitter:label1\" content=\"Dur\u00e9e de lecture estim\u00e9e\" \/>\n\t<meta name=\"twitter:data1\" content=\"2 minutes\" \/>\n<script type=\"application\/ld+json\" class=\"yoast-schema-graph\">{\"@context\":\"https:\/\/schema.org\",\"@graph\":[{\"@type\":\"WebPage\",\"@id\":\"https:\/\/www.ringier.com\/fr\/lart\/\",\"url\":\"https:\/\/www.ringier.com\/fr\/lart\/\",\"name\":\"Art \u2013 D\u00e9couvrez notre monde artistique et culturel | Ringier\",\"isPartOf\":{\"@id\":\"https:\/\/www.ringier.com\/fr\/#website\"},\"primaryImageOfPage\":{\"@id\":\"https:\/\/www.ringier.com\/fr\/lart\/#primaryimage\"},\"image\":{\"@id\":\"https:\/\/www.ringier.com\/fr\/lart\/#primaryimage\"},\"thumbnailUrl\":\"https:\/\/www.ringier.com\/wp-content\/uploads\/2021\/08\/Michael-Ringier_Schweiz-am-Sonntag_20160425.jpg\",\"datePublished\":\"2021-07-07T09:35:19+00:00\",\"dateModified\":\"2025-07-04T12:29:33+00:00\",\"description\":\"Chez Ringier, l'art fait partie de notre culture et de la passion pour le fondateur et pr\u00e9sident du conseil d'administration Michael Ringier. Lire la suite\",\"breadcrumb\":{\"@id\":\"https:\/\/www.ringier.com\/fr\/lart\/#breadcrumb\"},\"inLanguage\":\"fr-FR\",\"potentialAction\":[{\"@type\":\"ReadAction\",\"target\":[\"https:\/\/www.ringier.com\/fr\/lart\/\"]}]},{\"@type\":\"ImageObject\",\"inLanguage\":\"fr-FR\",\"@id\":\"https:\/\/www.ringier.com\/fr\/lart\/#primaryimage\",\"url\":\"https:\/\/www.ringier.com\/wp-content\/uploads\/2021\/08\/Michael-Ringier_Schweiz-am-Sonntag_20160425.jpg\",\"contentUrl\":\"https:\/\/www.ringier.com\/wp-content\/uploads\/2021\/08\/Michael-Ringier_Schweiz-am-Sonntag_20160425.jpg\",\"width\":700,\"height\":400},{\"@type\":\"BreadcrumbList\",\"@id\":\"https:\/\/www.ringier.com\/fr\/lart\/#breadcrumb\",\"itemListElement\":[{\"@type\":\"ListItem\",\"position\":1,\"name\":\"Home\",\"item\":\"https:\/\/www.ringier.com\/fr\/\"},{\"@type\":\"ListItem\",\"position\":2,\"name\":\"L&#8217;Art\"}]},{\"@type\":\"WebSite\",\"@id\":\"https:\/\/www.ringier.com\/fr\/#website\",\"url\":\"https:\/\/www.ringier.com\/fr\/\",\"name\":\"Ringier\",\"description\":\"We inform. We entertain. We connect\",\"publisher\":{\"@id\":\"https:\/\/www.ringier.com\/fr\/#organization\"},\"potentialAction\":[{\"@type\":\"SearchAction\",\"target\":{\"@type\":\"EntryPoint\",\"urlTemplate\":\"https:\/\/www.ringier.com\/fr\/?s={search_term_string}\"},\"query-input\":{\"@type\":\"PropertyValueSpecification\",\"valueRequired\":true,\"valueName\":\"search_term_string\"}}],\"inLanguage\":\"fr-FR\"},{\"@type\":\"Organization\",\"@id\":\"https:\/\/www.ringier.com\/fr\/#organization\",\"name\":\"Ringier\",\"url\":\"https:\/\/www.ringier.com\/fr\/\",\"logo\":{\"@type\":\"ImageObject\",\"inLanguage\":\"fr-FR\",\"@id\":\"https:\/\/www.ringier.com\/fr\/#\/schema\/logo\/image\/\",\"url\":\"https:\/\/www.ringier.com\/wp-content\/uploads\/2021\/10\/ringier_logo_2.jpg\",\"contentUrl\":\"https:\/\/www.ringier.com\/wp-content\/uploads\/2021\/10\/ringier_logo_2.jpg\",\"width\":750,\"height\":550,\"caption\":\"Ringier\"},\"image\":{\"@id\":\"https:\/\/www.ringier.com\/fr\/#\/schema\/logo\/image\/\"},\"sameAs\":[\"https:\/\/www.facebook.com\/ringierag\/\",\"https:\/\/x.com\/ringier_ag\",\"https:\/\/www.instagram.com\/ringier_ag\/\",\"https:\/\/www.linkedin.com\/company\/ringier\/\",\"https:\/\/www.youtube.com\/user\/RingierComm\",\"https:\/\/en.wikipedia.org\/wiki\/Ringier\",\"https:\/\/de.wikipedia.org\/wiki\/Ringier\",\"https:\/\/fr.wikipedia.org\/wiki\/Ringier\",\"https:\/\/www.crunchbase.com\/organization\/ringier-ag\"]}]}<\/script>\n<!-- \/ Yoast SEO Premium plugin. -->","yoast_head_json":{"title":"Art \u2013 D\u00e9couvrez notre monde artistique et culturel | Ringier","description":"Chez Ringier, l'art fait partie de notre culture et de la passion pour le fondateur et pr\u00e9sident du conseil d'administration Michael Ringier. Lire la suite","robots":{"index":"index","follow":"follow","max-snippet":"max-snippet:-1","max-image-preview":"max-image-preview:large","max-video-preview":"max-video-preview:-1"},"canonical":"https:\/\/www.ringier.com\/fr\/lart\/","og_locale":"fr_FR","og_type":"article","og_title":"L'Art","og_description":"Chez Ringier, l'art fait partie de notre culture et de la passion pour le fondateur et pr\u00e9sident du conseil d'administration Michael Ringier. Lire la suite","og_url":"https:\/\/www.ringier.com\/fr\/lart\/","og_site_name":"Ringier","article_publisher":"https:\/\/www.facebook.com\/ringierag\/","article_modified_time":"2025-07-04T12:29:33+00:00","og_image":[{"width":700,"height":400,"url":"https:\/\/www.ringier.com\/wp-content\/uploads\/2021\/08\/Michael-Ringier_Schweiz-am-Sonntag_20160425.jpg","type":"image\/jpeg"}],"twitter_card":"summary_large_image","twitter_site":"@ringier_ag","twitter_misc":{"Dur\u00e9e de lecture estim\u00e9e":"2 minutes"},"schema":{"@context":"https:\/\/schema.org","@graph":[{"@type":"WebPage","@id":"https:\/\/www.ringier.com\/fr\/lart\/","url":"https:\/\/www.ringier.com\/fr\/lart\/","name":"Art \u2013 D\u00e9couvrez notre monde artistique et culturel | Ringier","isPartOf":{"@id":"https:\/\/www.ringier.com\/fr\/#website"},"primaryImageOfPage":{"@id":"https:\/\/www.ringier.com\/fr\/lart\/#primaryimage"},"image":{"@id":"https:\/\/www.ringier.com\/fr\/lart\/#primaryimage"},"thumbnailUrl":"https:\/\/www.ringier.com\/wp-content\/uploads\/2021\/08\/Michael-Ringier_Schweiz-am-Sonntag_20160425.jpg","datePublished":"2021-07-07T09:35:19+00:00","dateModified":"2025-07-04T12:29:33+00:00","description":"Chez Ringier, l'art fait partie de notre culture et de la passion pour le fondateur et pr\u00e9sident du conseil d'administration Michael Ringier. Lire la suite","breadcrumb":{"@id":"https:\/\/www.ringier.com\/fr\/lart\/#breadcrumb"},"inLanguage":"fr-FR","potentialAction":[{"@type":"ReadAction","target":["https:\/\/www.ringier.com\/fr\/lart\/"]}]},{"@type":"ImageObject","inLanguage":"fr-FR","@id":"https:\/\/www.ringier.com\/fr\/lart\/#primaryimage","url":"https:\/\/www.ringier.com\/wp-content\/uploads\/2021\/08\/Michael-Ringier_Schweiz-am-Sonntag_20160425.jpg","contentUrl":"https:\/\/www.ringier.com\/wp-content\/uploads\/2021\/08\/Michael-Ringier_Schweiz-am-Sonntag_20160425.jpg","width":700,"height":400},{"@type":"BreadcrumbList","@id":"https:\/\/www.ringier.com\/fr\/lart\/#breadcrumb","itemListElement":[{"@type":"ListItem","position":1,"name":"Home","item":"https:\/\/www.ringier.com\/fr\/"},{"@type":"ListItem","position":2,"name":"L&#8217;Art"}]},{"@type":"WebSite","@id":"https:\/\/www.ringier.com\/fr\/#website","url":"https:\/\/www.ringier.com\/fr\/","name":"Ringier","description":"We inform. We entertain. We connect","publisher":{"@id":"https:\/\/www.ringier.com\/fr\/#organization"},"potentialAction":[{"@type":"SearchAction","target":{"@type":"EntryPoint","urlTemplate":"https:\/\/www.ringier.com\/fr\/?s={search_term_string}"},"query-input":{"@type":"PropertyValueSpecification","valueRequired":true,"valueName":"search_term_string"}}],"inLanguage":"fr-FR"},{"@type":"Organization","@id":"https:\/\/www.ringier.com\/fr\/#organization","name":"Ringier","url":"https:\/\/www.ringier.com\/fr\/","logo":{"@type":"ImageObject","inLanguage":"fr-FR","@id":"https:\/\/www.ringier.com\/fr\/#\/schema\/logo\/image\/","url":"https:\/\/www.ringier.com\/wp-content\/uploads\/2021\/10\/ringier_logo_2.jpg","contentUrl":"https:\/\/www.ringier.com\/wp-content\/uploads\/2021\/10\/ringier_logo_2.jpg","width":750,"height":550,"caption":"Ringier"},"image":{"@id":"https:\/\/www.ringier.com\/fr\/#\/schema\/logo\/image\/"},"sameAs":["https:\/\/www.facebook.com\/ringierag\/","https:\/\/x.com\/ringier_ag","https:\/\/www.instagram.com\/ringier_ag\/","https:\/\/www.linkedin.com\/company\/ringier\/","https:\/\/www.youtube.com\/user\/RingierComm","https:\/\/en.wikipedia.org\/wiki\/Ringier","https:\/\/de.wikipedia.org\/wiki\/Ringier","https:\/\/fr.wikipedia.org\/wiki\/Ringier","https:\/\/www.crunchbase.com\/organization\/ringier-ag"]}]}},"_links":{"self":[{"href":"https:\/\/www.ringier.com\/fr\/wp-json\/wp\/v2\/pages\/9142","targetHints":{"allow":["GET"]}}],"collection":[{"href":"https:\/\/www.ringier.com\/fr\/wp-json\/wp\/v2\/pages"}],"about":[{"href":"https:\/\/www.ringier.com\/fr\/wp-json\/wp\/v2\/types\/page"}],"author":[{"embeddable":true,"href":"https:\/\/www.ringier.com\/fr\/wp-json\/wp\/v2\/users\/5"}],"replies":[{"embeddable":true,"href":"https:\/\/www.ringier.com\/fr\/wp-json\/wp\/v2\/comments?post=9142"}],"version-history":[{"count":0,"href":"https:\/\/www.ringier.com\/fr\/wp-json\/wp\/v2\/pages\/9142\/revisions"}],"wp:featuredmedia":[{"embeddable":true,"href":"https:\/\/www.ringier.com\/fr\/wp-json\/wp\/v2\/media\/2616"}],"wp:attachment":[{"href":"https:\/\/www.ringier.com\/fr\/wp-json\/wp\/v2\/media?parent=9142"}],"wp:term":[{"taxonomy":"product","embeddable":true,"href":"https:\/\/www.ringier.com\/fr\/wp-json\/wp\/v2\/product?post=9142"}],"curies":[{"name":"wp","href":"https:\/\/api.w.org\/{rel}","templated":true}]}}