{"id":9134,"date":"2021-07-07T11:33:36","date_gmt":"2021-07-07T09:33:36","guid":{"rendered":"https:\/\/www.ringier.com\/annual-reports\/"},"modified":"2025-05-08T11:13:37","modified_gmt":"2025-05-08T09:13:37","slug":"rapports-annuels","status":"publish","type":"page","link":"https:\/\/www.ringier.com\/fr\/news\/rapports-annuels\/","title":{"rendered":"Rapports annuels"},"content":{"rendered":"","protected":false},"excerpt":{"rendered":"","protected":false},"author":5,"featured_media":0,"parent":7196,"menu_order":0,"comment_status":"closed","ping_status":"closed","template":"page-templates\/annual-reports.php","meta":{"inline_featured_image":false},"product":[],"class_list":["post-9134","page","type-page","status-publish","hentry"],"yoast_head":"<!-- This site is optimized with the Yoast SEO Premium plugin v27.0 (Yoast SEO v27.0) - https:\/\/yoast.com\/product\/yoast-seo-premium-wordpress\/ -->\n<title>Rapports annuels \u2013 Aper\u00e7us et impacts de l&#039;ann\u00e9e | Ringier<\/title>\n<meta name=\"description\" content=\"La transparence et la responsabilit\u00e9 envers nos actionnaires sont importantes pour nous. Lisez nos rapports financiers et apprenez-en davantage sur nos activit\u00e9s.\" \/>\n<meta name=\"robots\" content=\"index, follow, max-snippet:-1, max-image-preview:large, max-video-preview:-1\" \/>\n<link rel=\"canonical\" href=\"https:\/\/www.ringier.com\/fr\/news\/rapports-annuels\/\" \/>\n<meta property=\"og:locale\" content=\"fr_FR\" \/>\n<meta property=\"og:type\" content=\"article\" \/>\n<meta property=\"og:title\" content=\"Rapports annuels\" \/>\n<meta property=\"og:description\" content=\"La transparence et la responsabilit\u00e9 envers nos actionnaires sont importantes pour nous. Lisez nos rapports financiers et apprenez-en davantage sur nos activit\u00e9s.\" \/>\n<meta property=\"og:url\" content=\"https:\/\/www.ringier.com\/fr\/news\/rapports-annuels\/\" \/>\n<meta property=\"og:site_name\" content=\"Ringier\" \/>\n<meta property=\"article:publisher\" content=\"https:\/\/www.facebook.com\/ringierag\/\" \/>\n<meta property=\"article:modified_time\" content=\"2025-05-08T09:13:37+00:00\" \/>\n<meta name=\"twitter:card\" content=\"summary_large_image\" \/>\n<meta name=\"twitter:site\" content=\"@ringier_ag\" \/>\n<script type=\"application\/ld+json\" class=\"yoast-schema-graph\">{\"@context\":\"https:\/\/schema.org\",\"@graph\":[{\"@type\":\"WebPage\",\"@id\":\"https:\/\/www.ringier.com\/fr\/news\/rapports-annuels\/\",\"url\":\"https:\/\/www.ringier.com\/fr\/news\/rapports-annuels\/\",\"name\":\"Rapports annuels \u2013 Aper\u00e7us et impacts de l'ann\u00e9e | Ringier\",\"isPartOf\":{\"@id\":\"https:\/\/www.ringier.com\/fr\/#website\"},\"datePublished\":\"2021-07-07T09:33:36+00:00\",\"dateModified\":\"2025-05-08T09:13:37+00:00\",\"description\":\"La transparence et la responsabilit\u00e9 envers nos actionnaires sont importantes pour nous. Lisez nos rapports financiers et apprenez-en davantage sur nos activit\u00e9s.\",\"breadcrumb\":{\"@id\":\"https:\/\/www.ringier.com\/fr\/news\/rapports-annuels\/#breadcrumb\"},\"inLanguage\":\"fr-FR\",\"potentialAction\":[{\"@type\":\"ReadAction\",\"target\":[\"https:\/\/www.ringier.com\/fr\/news\/rapports-annuels\/\"]}]},{\"@type\":\"BreadcrumbList\",\"@id\":\"https:\/\/www.ringier.com\/fr\/news\/rapports-annuels\/#breadcrumb\",\"itemListElement\":[{\"@type\":\"ListItem\",\"position\":1,\"name\":\"Home\",\"item\":\"https:\/\/www.ringier.com\/fr\/\"},{\"@type\":\"ListItem\",\"position\":2,\"name\":\"Presse &#038; News\",\"item\":\"https:\/\/www.ringier.com\/fr\/news\/\"},{\"@type\":\"ListItem\",\"position\":3,\"name\":\"Rapports annuels\"}]},{\"@type\":\"WebSite\",\"@id\":\"https:\/\/www.ringier.com\/fr\/#website\",\"url\":\"https:\/\/www.ringier.com\/fr\/\",\"name\":\"Ringier\",\"description\":\"We inform. We entertain. We connect\",\"publisher\":{\"@id\":\"https:\/\/www.ringier.com\/fr\/#organization\"},\"potentialAction\":[{\"@type\":\"SearchAction\",\"target\":{\"@type\":\"EntryPoint\",\"urlTemplate\":\"https:\/\/www.ringier.com\/fr\/?s={search_term_string}\"},\"query-input\":{\"@type\":\"PropertyValueSpecification\",\"valueRequired\":true,\"valueName\":\"search_term_string\"}}],\"inLanguage\":\"fr-FR\"},{\"@type\":\"Organization\",\"@id\":\"https:\/\/www.ringier.com\/fr\/#organization\",\"name\":\"Ringier\",\"url\":\"https:\/\/www.ringier.com\/fr\/\",\"logo\":{\"@type\":\"ImageObject\",\"inLanguage\":\"fr-FR\",\"@id\":\"https:\/\/www.ringier.com\/fr\/#\/schema\/logo\/image\/\",\"url\":\"https:\/\/www.ringier.com\/wp-content\/uploads\/2021\/10\/ringier_logo_2.jpg\",\"contentUrl\":\"https:\/\/www.ringier.com\/wp-content\/uploads\/2021\/10\/ringier_logo_2.jpg\",\"width\":750,\"height\":550,\"caption\":\"Ringier\"},\"image\":{\"@id\":\"https:\/\/www.ringier.com\/fr\/#\/schema\/logo\/image\/\"},\"sameAs\":[\"https:\/\/www.facebook.com\/ringierag\/\",\"https:\/\/x.com\/ringier_ag\",\"https:\/\/www.instagram.com\/ringier_ag\/\",\"https:\/\/www.linkedin.com\/company\/ringier\/\",\"https:\/\/www.youtube.com\/user\/RingierComm\",\"https:\/\/en.wikipedia.org\/wiki\/Ringier\",\"https:\/\/de.wikipedia.org\/wiki\/Ringier\",\"https:\/\/fr.wikipedia.org\/wiki\/Ringier\",\"https:\/\/www.crunchbase.com\/organization\/ringier-ag\"]}]}<\/script>\n<!-- \/ Yoast SEO Premium plugin. -->","yoast_head_json":{"title":"Rapports annuels \u2013 Aper\u00e7us et impacts de l'ann\u00e9e | Ringier","description":"La transparence et la responsabilit\u00e9 envers nos actionnaires sont importantes pour nous. Lisez nos rapports financiers et apprenez-en davantage sur nos activit\u00e9s.","robots":{"index":"index","follow":"follow","max-snippet":"max-snippet:-1","max-image-preview":"max-image-preview:large","max-video-preview":"max-video-preview:-1"},"canonical":"https:\/\/www.ringier.com\/fr\/news\/rapports-annuels\/","og_locale":"fr_FR","og_type":"article","og_title":"Rapports annuels","og_description":"La transparence et la responsabilit\u00e9 envers nos actionnaires sont importantes pour nous. Lisez nos rapports financiers et apprenez-en davantage sur nos activit\u00e9s.","og_url":"https:\/\/www.ringier.com\/fr\/news\/rapports-annuels\/","og_site_name":"Ringier","article_publisher":"https:\/\/www.facebook.com\/ringierag\/","article_modified_time":"2025-05-08T09:13:37+00:00","twitter_card":"summary_large_image","twitter_site":"@ringier_ag","schema":{"@context":"https:\/\/schema.org","@graph":[{"@type":"WebPage","@id":"https:\/\/www.ringier.com\/fr\/news\/rapports-annuels\/","url":"https:\/\/www.ringier.com\/fr\/news\/rapports-annuels\/","name":"Rapports annuels \u2013 Aper\u00e7us et impacts de l'ann\u00e9e | Ringier","isPartOf":{"@id":"https:\/\/www.ringier.com\/fr\/#website"},"datePublished":"2021-07-07T09:33:36+00:00","dateModified":"2025-05-08T09:13:37+00:00","description":"La transparence et la responsabilit\u00e9 envers nos actionnaires sont importantes pour nous. Lisez nos rapports financiers et apprenez-en davantage sur nos activit\u00e9s.","breadcrumb":{"@id":"https:\/\/www.ringier.com\/fr\/news\/rapports-annuels\/#breadcrumb"},"inLanguage":"fr-FR","potentialAction":[{"@type":"ReadAction","target":["https:\/\/www.ringier.com\/fr\/news\/rapports-annuels\/"]}]},{"@type":"BreadcrumbList","@id":"https:\/\/www.ringier.com\/fr\/news\/rapports-annuels\/#breadcrumb","itemListElement":[{"@type":"ListItem","position":1,"name":"Home","item":"https:\/\/www.ringier.com\/fr\/"},{"@type":"ListItem","position":2,"name":"Presse &#038; News","item":"https:\/\/www.ringier.com\/fr\/news\/"},{"@type":"ListItem","position":3,"name":"Rapports annuels"}]},{"@type":"WebSite","@id":"https:\/\/www.ringier.com\/fr\/#website","url":"https:\/\/www.ringier.com\/fr\/","name":"Ringier","description":"We inform. We entertain. We connect","publisher":{"@id":"https:\/\/www.ringier.com\/fr\/#organization"},"potentialAction":[{"@type":"SearchAction","target":{"@type":"EntryPoint","urlTemplate":"https:\/\/www.ringier.com\/fr\/?s={search_term_string}"},"query-input":{"@type":"PropertyValueSpecification","valueRequired":true,"valueName":"search_term_string"}}],"inLanguage":"fr-FR"},{"@type":"Organization","@id":"https:\/\/www.ringier.com\/fr\/#organization","name":"Ringier","url":"https:\/\/www.ringier.com\/fr\/","logo":{"@type":"ImageObject","inLanguage":"fr-FR","@id":"https:\/\/www.ringier.com\/fr\/#\/schema\/logo\/image\/","url":"https:\/\/www.ringier.com\/wp-content\/uploads\/2021\/10\/ringier_logo_2.jpg","contentUrl":"https:\/\/www.ringier.com\/wp-content\/uploads\/2021\/10\/ringier_logo_2.jpg","width":750,"height":550,"caption":"Ringier"},"image":{"@id":"https:\/\/www.ringier.com\/fr\/#\/schema\/logo\/image\/"},"sameAs":["https:\/\/www.facebook.com\/ringierag\/","https:\/\/x.com\/ringier_ag","https:\/\/www.instagram.com\/ringier_ag\/","https:\/\/www.linkedin.com\/company\/ringier\/","https:\/\/www.youtube.com\/user\/RingierComm","https:\/\/en.wikipedia.org\/wiki\/Ringier","https:\/\/de.wikipedia.org\/wiki\/Ringier","https:\/\/fr.wikipedia.org\/wiki\/Ringier","https:\/\/www.crunchbase.com\/organization\/ringier-ag"]}]}},"_links":{"self":[{"href":"https:\/\/www.ringier.com\/fr\/wp-json\/wp\/v2\/pages\/9134","targetHints":{"allow":["GET"]}}],"collection":[{"href":"https:\/\/www.ringier.com\/fr\/wp-json\/wp\/v2\/pages"}],"about":[{"href":"https:\/\/www.ringier.com\/fr\/wp-json\/wp\/v2\/types\/page"}],"author":[{"embeddable":true,"href":"https:\/\/www.ringier.com\/fr\/wp-json\/wp\/v2\/users\/5"}],"replies":[{"embeddable":true,"href":"https:\/\/www.ringier.com\/fr\/wp-json\/wp\/v2\/comments?post=9134"}],"version-history":[{"count":0,"href":"https:\/\/www.ringier.com\/fr\/wp-json\/wp\/v2\/pages\/9134\/revisions"}],"up":[{"embeddable":true,"href":"https:\/\/www.ringier.com\/fr\/wp-json\/wp\/v2\/pages\/7196"}],"wp:attachment":[{"href":"https:\/\/www.ringier.com\/fr\/wp-json\/wp\/v2\/media?parent=9134"}],"wp:term":[{"taxonomy":"product","embeddable":true,"href":"https:\/\/www.ringier.com\/fr\/wp-json\/wp\/v2\/product?post=9134"}],"curies":[{"name":"wp","href":"https:\/\/api.w.org\/{rel}","templated":true}]}}