{"id":17738,"date":"2024-01-11T14:07:11","date_gmt":"2024-01-11T13:07:11","guid":{"rendered":"https:\/\/www.ringier.com\/ringier-medien-schweiz\/"},"modified":"2024-01-11T14:09:24","modified_gmt":"2024-01-11T13:09:24","slug":"ringier-medias-suisse","status":"publish","type":"page","link":"https:\/\/www.ringier.com\/fr\/ringier-medias-suisse\/","title":{"rendered":"Ringier Medias Suisse"},"content":{"rendered":"<h2><strong>A propos Ringier Medias Suisse<\/strong><\/h2>\n<p>Ringier M\u00e9dias Suisse comprend le groupe Blick, les vingt titres de magazines et de revues les plus diffus\u00e9s de Suisse, dont Beobachter, Handelszeitung, Bilanz, cash.ch, Tele, Schweizer Illustrierte, Landliebe, Gl\u00fcckspost, L&rsquo;Illustr\u00e9, PME ainsi que l&rsquo;organisation de commercialisation Ringier Advertising et l&rsquo;unit\u00e9 d&rsquo;entreprise Ringier Mediatech &amp; Services.<\/p>\n<p>Avec un large \u00e9ventail de th\u00e8mes, des contenus forts, une port\u00e9e exceptionnelle, des contenus puissants et des marques \u00e9tablies, Ringier M\u00e9dias Suisse veut devenir l&rsquo;entreprise de m\u00e9dias leader et la plus innovante de Suisse. Avec un public de 4,6 millions d&rsquo;utilisateurs &#8211; plus de la moiti\u00e9 de la population suisse &#8211; le d\u00e9veloppement constant de nouvelles offres et une collaboration plus \u00e9troite entre les marques de m\u00e9dias, Ringier M\u00e9dias Suisse se positionne d&rsquo;ores et d\u00e9j\u00e0 comme le partenaire privil\u00e9gi\u00e9 des annonceurs \u00e0 la recherche de solutions publicitaires attrayantes et efficaces.<\/p>\n","protected":false},"excerpt":{"rendered":"<p>A propos Ringier Medias Suisse Ringier M\u00e9dias Suisse comprend le groupe Blick, les vingt titres de magazines et de revues les plus diffus\u00e9s de Suisse, dont Beobachter, Handelszeitung, Bilanz, cash.ch, Tele, Schweizer Illustrierte, Landliebe, Gl\u00fcckspost, L&rsquo;Illustr\u00e9, PME ainsi que l&rsquo;organisation de commercialisation Ringier Advertising et l&rsquo;unit\u00e9 d&rsquo;entreprise Ringier Mediatech &amp; Services. Avec un large \u00e9ventail [&hellip;]<\/p>\n","protected":false},"author":23,"featured_media":0,"parent":0,"menu_order":0,"comment_status":"closed","ping_status":"closed","template":"","meta":{"inline_featured_image":false},"product":[],"class_list":["post-17738","page","type-page","status-publish","hentry"],"yoast_head":"<!-- This site is optimized with the Yoast SEO Premium plugin v27.0 (Yoast SEO v27.0) - https:\/\/yoast.com\/product\/yoast-seo-premium-wordpress\/ -->\n<title>Ringier Medias Suisse - Ringier<\/title>\n<meta name=\"robots\" content=\"index, follow, max-snippet:-1, max-image-preview:large, max-video-preview:-1\" \/>\n<link rel=\"canonical\" href=\"https:\/\/www.ringier.com\/fr\/ringier-medias-suisse\/\" \/>\n<meta property=\"og:locale\" content=\"fr_FR\" \/>\n<meta property=\"og:type\" content=\"article\" \/>\n<meta property=\"og:title\" content=\"Ringier Medias Suisse\" \/>\n<meta property=\"og:description\" content=\"A propos Ringier Medias Suisse Ringier M\u00e9dias Suisse comprend le groupe Blick, les vingt titres de magazines et de revues les plus diffus\u00e9s de Suisse, dont Beobachter, Handelszeitung, Bilanz, cash.ch, Tele, Schweizer Illustrierte, Landliebe, Gl\u00fcckspost, L&rsquo;Illustr\u00e9, PME ainsi que l&rsquo;organisation de commercialisation Ringier Advertising et l&rsquo;unit\u00e9 d&rsquo;entreprise Ringier Mediatech &amp; Services. Avec un large \u00e9ventail [&hellip;]\" \/>\n<meta property=\"og:url\" content=\"https:\/\/www.ringier.com\/fr\/ringier-medias-suisse\/\" \/>\n<meta property=\"og:site_name\" content=\"Ringier\" \/>\n<meta property=\"article:publisher\" content=\"https:\/\/www.facebook.com\/ringierag\/\" \/>\n<meta property=\"article:modified_time\" content=\"2024-01-11T13:09:24+00:00\" \/>\n<meta name=\"twitter:card\" content=\"summary_large_image\" \/>\n<meta name=\"twitter:site\" content=\"@ringier_ag\" \/>\n<meta name=\"twitter:label1\" content=\"Dur\u00e9e de lecture estim\u00e9e\" \/>\n\t<meta name=\"twitter:data1\" content=\"1 minute\" \/>\n<script type=\"application\/ld+json\" class=\"yoast-schema-graph\">{\"@context\":\"https:\/\/schema.org\",\"@graph\":[{\"@type\":\"WebPage\",\"@id\":\"https:\/\/www.ringier.com\/fr\/ringier-medias-suisse\/\",\"url\":\"https:\/\/www.ringier.com\/fr\/ringier-medias-suisse\/\",\"name\":\"Ringier Medias Suisse - Ringier\",\"isPartOf\":{\"@id\":\"https:\/\/www.ringier.com\/fr\/#website\"},\"datePublished\":\"2024-01-11T13:07:11+00:00\",\"dateModified\":\"2024-01-11T13:09:24+00:00\",\"breadcrumb\":{\"@id\":\"https:\/\/www.ringier.com\/fr\/ringier-medias-suisse\/#breadcrumb\"},\"inLanguage\":\"fr-FR\",\"potentialAction\":[{\"@type\":\"ReadAction\",\"target\":[\"https:\/\/www.ringier.com\/fr\/ringier-medias-suisse\/\"]}]},{\"@type\":\"BreadcrumbList\",\"@id\":\"https:\/\/www.ringier.com\/fr\/ringier-medias-suisse\/#breadcrumb\",\"itemListElement\":[{\"@type\":\"ListItem\",\"position\":1,\"name\":\"Home\",\"item\":\"https:\/\/www.ringier.com\/fr\/\"},{\"@type\":\"ListItem\",\"position\":2,\"name\":\"Ringier Medias Suisse\"}]},{\"@type\":\"WebSite\",\"@id\":\"https:\/\/www.ringier.com\/fr\/#website\",\"url\":\"https:\/\/www.ringier.com\/fr\/\",\"name\":\"Ringier\",\"description\":\"We inform. We entertain. We connect\",\"publisher\":{\"@id\":\"https:\/\/www.ringier.com\/fr\/#organization\"},\"potentialAction\":[{\"@type\":\"SearchAction\",\"target\":{\"@type\":\"EntryPoint\",\"urlTemplate\":\"https:\/\/www.ringier.com\/fr\/?s={search_term_string}\"},\"query-input\":{\"@type\":\"PropertyValueSpecification\",\"valueRequired\":true,\"valueName\":\"search_term_string\"}}],\"inLanguage\":\"fr-FR\"},{\"@type\":\"Organization\",\"@id\":\"https:\/\/www.ringier.com\/fr\/#organization\",\"name\":\"Ringier\",\"url\":\"https:\/\/www.ringier.com\/fr\/\",\"logo\":{\"@type\":\"ImageObject\",\"inLanguage\":\"fr-FR\",\"@id\":\"https:\/\/www.ringier.com\/fr\/#\/schema\/logo\/image\/\",\"url\":\"https:\/\/www.ringier.com\/wp-content\/uploads\/2021\/10\/ringier_logo_2.jpg\",\"contentUrl\":\"https:\/\/www.ringier.com\/wp-content\/uploads\/2021\/10\/ringier_logo_2.jpg\",\"width\":750,\"height\":550,\"caption\":\"Ringier\"},\"image\":{\"@id\":\"https:\/\/www.ringier.com\/fr\/#\/schema\/logo\/image\/\"},\"sameAs\":[\"https:\/\/www.facebook.com\/ringierag\/\",\"https:\/\/x.com\/ringier_ag\",\"https:\/\/www.instagram.com\/ringier_ag\/\",\"https:\/\/www.linkedin.com\/company\/ringier\/\",\"https:\/\/www.youtube.com\/user\/RingierComm\",\"https:\/\/en.wikipedia.org\/wiki\/Ringier\",\"https:\/\/de.wikipedia.org\/wiki\/Ringier\",\"https:\/\/fr.wikipedia.org\/wiki\/Ringier\",\"https:\/\/www.crunchbase.com\/organization\/ringier-ag\"]}]}<\/script>\n<!-- \/ Yoast SEO Premium plugin. -->","yoast_head_json":{"title":"Ringier Medias Suisse - Ringier","robots":{"index":"index","follow":"follow","max-snippet":"max-snippet:-1","max-image-preview":"max-image-preview:large","max-video-preview":"max-video-preview:-1"},"canonical":"https:\/\/www.ringier.com\/fr\/ringier-medias-suisse\/","og_locale":"fr_FR","og_type":"article","og_title":"Ringier Medias Suisse","og_description":"A propos Ringier Medias Suisse Ringier M\u00e9dias Suisse comprend le groupe Blick, les vingt titres de magazines et de revues les plus diffus\u00e9s de Suisse, dont Beobachter, Handelszeitung, Bilanz, cash.ch, Tele, Schweizer Illustrierte, Landliebe, Gl\u00fcckspost, L&rsquo;Illustr\u00e9, PME ainsi que l&rsquo;organisation de commercialisation Ringier Advertising et l&rsquo;unit\u00e9 d&rsquo;entreprise Ringier Mediatech &amp; Services. Avec un large \u00e9ventail [&hellip;]","og_url":"https:\/\/www.ringier.com\/fr\/ringier-medias-suisse\/","og_site_name":"Ringier","article_publisher":"https:\/\/www.facebook.com\/ringierag\/","article_modified_time":"2024-01-11T13:09:24+00:00","twitter_card":"summary_large_image","twitter_site":"@ringier_ag","twitter_misc":{"Dur\u00e9e de lecture estim\u00e9e":"1 minute"},"schema":{"@context":"https:\/\/schema.org","@graph":[{"@type":"WebPage","@id":"https:\/\/www.ringier.com\/fr\/ringier-medias-suisse\/","url":"https:\/\/www.ringier.com\/fr\/ringier-medias-suisse\/","name":"Ringier Medias Suisse - Ringier","isPartOf":{"@id":"https:\/\/www.ringier.com\/fr\/#website"},"datePublished":"2024-01-11T13:07:11+00:00","dateModified":"2024-01-11T13:09:24+00:00","breadcrumb":{"@id":"https:\/\/www.ringier.com\/fr\/ringier-medias-suisse\/#breadcrumb"},"inLanguage":"fr-FR","potentialAction":[{"@type":"ReadAction","target":["https:\/\/www.ringier.com\/fr\/ringier-medias-suisse\/"]}]},{"@type":"BreadcrumbList","@id":"https:\/\/www.ringier.com\/fr\/ringier-medias-suisse\/#breadcrumb","itemListElement":[{"@type":"ListItem","position":1,"name":"Home","item":"https:\/\/www.ringier.com\/fr\/"},{"@type":"ListItem","position":2,"name":"Ringier Medias Suisse"}]},{"@type":"WebSite","@id":"https:\/\/www.ringier.com\/fr\/#website","url":"https:\/\/www.ringier.com\/fr\/","name":"Ringier","description":"We inform. We entertain. We connect","publisher":{"@id":"https:\/\/www.ringier.com\/fr\/#organization"},"potentialAction":[{"@type":"SearchAction","target":{"@type":"EntryPoint","urlTemplate":"https:\/\/www.ringier.com\/fr\/?s={search_term_string}"},"query-input":{"@type":"PropertyValueSpecification","valueRequired":true,"valueName":"search_term_string"}}],"inLanguage":"fr-FR"},{"@type":"Organization","@id":"https:\/\/www.ringier.com\/fr\/#organization","name":"Ringier","url":"https:\/\/www.ringier.com\/fr\/","logo":{"@type":"ImageObject","inLanguage":"fr-FR","@id":"https:\/\/www.ringier.com\/fr\/#\/schema\/logo\/image\/","url":"https:\/\/www.ringier.com\/wp-content\/uploads\/2021\/10\/ringier_logo_2.jpg","contentUrl":"https:\/\/www.ringier.com\/wp-content\/uploads\/2021\/10\/ringier_logo_2.jpg","width":750,"height":550,"caption":"Ringier"},"image":{"@id":"https:\/\/www.ringier.com\/fr\/#\/schema\/logo\/image\/"},"sameAs":["https:\/\/www.facebook.com\/ringierag\/","https:\/\/x.com\/ringier_ag","https:\/\/www.instagram.com\/ringier_ag\/","https:\/\/www.linkedin.com\/company\/ringier\/","https:\/\/www.youtube.com\/user\/RingierComm","https:\/\/en.wikipedia.org\/wiki\/Ringier","https:\/\/de.wikipedia.org\/wiki\/Ringier","https:\/\/fr.wikipedia.org\/wiki\/Ringier","https:\/\/www.crunchbase.com\/organization\/ringier-ag"]}]}},"_links":{"self":[{"href":"https:\/\/www.ringier.com\/fr\/wp-json\/wp\/v2\/pages\/17738","targetHints":{"allow":["GET"]}}],"collection":[{"href":"https:\/\/www.ringier.com\/fr\/wp-json\/wp\/v2\/pages"}],"about":[{"href":"https:\/\/www.ringier.com\/fr\/wp-json\/wp\/v2\/types\/page"}],"author":[{"embeddable":true,"href":"https:\/\/www.ringier.com\/fr\/wp-json\/wp\/v2\/users\/23"}],"replies":[{"embeddable":true,"href":"https:\/\/www.ringier.com\/fr\/wp-json\/wp\/v2\/comments?post=17738"}],"version-history":[{"count":0,"href":"https:\/\/www.ringier.com\/fr\/wp-json\/wp\/v2\/pages\/17738\/revisions"}],"wp:attachment":[{"href":"https:\/\/www.ringier.com\/fr\/wp-json\/wp\/v2\/media?parent=17738"}],"wp:term":[{"taxonomy":"product","embeddable":true,"href":"https:\/\/www.ringier.com\/fr\/wp-json\/wp\/v2\/product?post=17738"}],"curies":[{"name":"wp","href":"https:\/\/api.w.org\/{rel}","templated":true}]}}