{"id":9153,"date":"2021-07-07T11:23:44","date_gmt":"2021-07-07T09:23:44","guid":{"rendered":"https:\/\/www.ringier.com\/terms-of-use\/"},"modified":"2021-10-27T17:42:07","modified_gmt":"2021-10-27T15:42:07","slug":"nutzungsbedingungen","status":"publish","type":"page","link":"https:\/\/www.ringier.com\/de\/nutzungsbedingungen\/","title":{"rendered":"Nutzungsbedingungen"},"content":{"rendered":"<div class=\"field field-name-field-text-title field-type-text field-label-hidden\">\n<div class=\"field-items\">\n<h2 class=\"field-item even\">Bildnutzungsrechte<\/h2>\n<\/div>\n<\/div>\n<div class=\"field field-name-field-text field-type-text-long field-label-hidden\">\n<div class=\"field-items\">\n<div class=\"field-item even\">\n<p>Die Bilder auf dies\u00ader Webseite sind urheberrechtlich gesch\u00fctzt und d\u00fcrfen ausschliesslich f\u00fcr private oder redaktionelle Zwecke verwendet werden. Eine kommerzielle Nutzung der Bilder (auch in ver\u00e4ndert\u00ader Form) ist nur mit vorg\u00e4ngiger schriftlich\u00ader Zustimmung von Ringer AG zul\u00e4ssig. Bilder, die f\u00fcr redaktionelle Zwecke verwendet, vervielf\u00e4ltigt oder elektro\u00adn\u00adis\u00adch verfremdet werden, m\u00fcssen mit der korrekten Quel\u00adlenangabe (\u00a9 Ringi\u00ader AG) und mit einem Hy\u00adper\u00adlink zur Quelle versehen werden. Der Abdruck und die Ver\u00f6ffentlichung der Bilder gem\u00e4ss diesen Bes\u00adtimmungen ist hon\u00adorarfrei. Bei der Verwendung von Bildern in Print\u00adme\u00addi\u00aden bitten wir Sie um Zustellung eines Belegexemplars und bei Verwendung in Filmen und elektro\u00adn\u00adis\u00adchen Me\u00addi\u00aden um eine Benachrich\u00adtigung unserer Me\u00addi\u00adenstelle. Bei Ver\u00f6ffentlichungen von Bildern im Inter\u00adnet teilen Sie unserer Me\u00addi\u00adenstelle bitte die Angabe des Links und des Verwendungszwecks mit.<\/p>\n<\/div>\n<\/div>\n<\/div>\n","protected":false},"excerpt":{"rendered":"<p>Bildnutzungsrechte Die Bilder auf dies\u00ader Webseite sind urheberrechtlich gesch\u00fctzt und d\u00fcrfen ausschliesslich f\u00fcr private oder redaktionelle Zwecke verwendet werden. Eine kommerzielle Nutzung der Bilder (auch in ver\u00e4ndert\u00ader Form) ist nur mit vorg\u00e4ngiger schriftlich\u00ader Zustimmung von Ringer AG zul\u00e4ssig. Bilder, die f\u00fcr redaktionelle Zwecke verwendet, vervielf\u00e4ltigt oder elektro\u00adn\u00adis\u00adch verfremdet werden, m\u00fcssen mit der korrekten Quel\u00adlenangabe (\u00a9 [&hellip;]<\/p>\n","protected":false},"author":5,"featured_media":0,"parent":0,"menu_order":0,"comment_status":"closed","ping_status":"closed","template":"","meta":{"inline_featured_image":false},"product":[],"class_list":["post-9153","page","type-page","status-publish","hentry"],"yoast_head":"<!-- This site is optimized with the Yoast SEO Premium plugin v27.0 (Yoast SEO v27.0) - https:\/\/yoast.com\/product\/yoast-seo-premium-wordpress\/ -->\n<title>Die Nutzungsbedingungen f\u00fcr unsere Website-Inhalte | Ringier<\/title>\n<meta name=\"description\" content=\"Unsere Nutzungsbedingungen f\u00fcr die urheberrechtlich gesch\u00fctzten Bilder und Inhalte auf unserer Website f\u00fcr private, redaktionelle oder kommerzielle Zwecke.\" \/>\n<meta name=\"robots\" content=\"index, follow, max-snippet:-1, max-image-preview:large, max-video-preview:-1\" \/>\n<link rel=\"canonical\" href=\"https:\/\/www.ringier.com\/de\/nutzungsbedingungen\/\" \/>\n<meta property=\"og:locale\" content=\"de_DE\" \/>\n<meta property=\"og:type\" content=\"article\" \/>\n<meta property=\"og:title\" content=\"Nutzungsbedingungen\" \/>\n<meta property=\"og:description\" content=\"Unsere Nutzungsbedingungen f\u00fcr die urheberrechtlich gesch\u00fctzten Bilder und Inhalte auf unserer Website f\u00fcr private, redaktionelle oder kommerzielle Zwecke.\" \/>\n<meta property=\"og:url\" content=\"https:\/\/www.ringier.com\/de\/nutzungsbedingungen\/\" \/>\n<meta property=\"og:site_name\" content=\"Ringier\" \/>\n<meta property=\"article:publisher\" content=\"https:\/\/www.facebook.com\/ringierag\/\" \/>\n<meta property=\"article:modified_time\" content=\"2021-10-27T15:42:07+00:00\" \/>\n<meta name=\"twitter:card\" content=\"summary_large_image\" \/>\n<meta name=\"twitter:site\" content=\"@ringier_ag\" \/>\n<meta name=\"twitter:label1\" content=\"Gesch\u00e4tzte Lesezeit\" \/>\n\t<meta name=\"twitter:data1\" content=\"1 Minute\" \/>\n<script type=\"application\/ld+json\" class=\"yoast-schema-graph\">{\"@context\":\"https:\/\/schema.org\",\"@graph\":[{\"@type\":\"WebPage\",\"@id\":\"https:\/\/www.ringier.com\/de\/nutzungsbedingungen\/\",\"url\":\"https:\/\/www.ringier.com\/de\/nutzungsbedingungen\/\",\"name\":\"Die Nutzungsbedingungen f\u00fcr unsere Website-Inhalte | Ringier\",\"isPartOf\":{\"@id\":\"https:\/\/www.ringier.com\/de\/#website\"},\"datePublished\":\"2021-07-07T09:23:44+00:00\",\"dateModified\":\"2021-10-27T15:42:07+00:00\",\"description\":\"Unsere Nutzungsbedingungen f\u00fcr die urheberrechtlich gesch\u00fctzten Bilder und Inhalte auf unserer Website f\u00fcr private, redaktionelle oder kommerzielle Zwecke.\",\"breadcrumb\":{\"@id\":\"https:\/\/www.ringier.com\/de\/nutzungsbedingungen\/#breadcrumb\"},\"inLanguage\":\"de-DE\",\"potentialAction\":[{\"@type\":\"ReadAction\",\"target\":[\"https:\/\/www.ringier.com\/de\/nutzungsbedingungen\/\"]}]},{\"@type\":\"BreadcrumbList\",\"@id\":\"https:\/\/www.ringier.com\/de\/nutzungsbedingungen\/#breadcrumb\",\"itemListElement\":[{\"@type\":\"ListItem\",\"position\":1,\"name\":\"Home\",\"item\":\"https:\/\/www.ringier.com\/de\/\"},{\"@type\":\"ListItem\",\"position\":2,\"name\":\"Nutzungsbedingungen\"}]},{\"@type\":\"WebSite\",\"@id\":\"https:\/\/www.ringier.com\/de\/#website\",\"url\":\"https:\/\/www.ringier.com\/de\/\",\"name\":\"Ringier\",\"description\":\"We inform. We entertain. We connect\",\"publisher\":{\"@id\":\"https:\/\/www.ringier.com\/de\/#organization\"},\"potentialAction\":[{\"@type\":\"SearchAction\",\"target\":{\"@type\":\"EntryPoint\",\"urlTemplate\":\"https:\/\/www.ringier.com\/de\/?s={search_term_string}\"},\"query-input\":{\"@type\":\"PropertyValueSpecification\",\"valueRequired\":true,\"valueName\":\"search_term_string\"}}],\"inLanguage\":\"de-DE\"},{\"@type\":\"Organization\",\"@id\":\"https:\/\/www.ringier.com\/de\/#organization\",\"name\":\"Ringier\",\"url\":\"https:\/\/www.ringier.com\/de\/\",\"logo\":{\"@type\":\"ImageObject\",\"inLanguage\":\"de-DE\",\"@id\":\"https:\/\/www.ringier.com\/de\/#\/schema\/logo\/image\/\",\"url\":\"https:\/\/www.ringier.com\/wp-content\/uploads\/2021\/10\/ringier_logo_2.jpg\",\"contentUrl\":\"https:\/\/www.ringier.com\/wp-content\/uploads\/2021\/10\/ringier_logo_2.jpg\",\"width\":750,\"height\":550,\"caption\":\"Ringier\"},\"image\":{\"@id\":\"https:\/\/www.ringier.com\/de\/#\/schema\/logo\/image\/\"},\"sameAs\":[\"https:\/\/www.facebook.com\/ringierag\/\",\"https:\/\/x.com\/ringier_ag\",\"https:\/\/www.instagram.com\/ringier_ag\/\",\"https:\/\/www.linkedin.com\/company\/ringier\/\",\"https:\/\/www.youtube.com\/user\/RingierComm\",\"https:\/\/en.wikipedia.org\/wiki\/Ringier\",\"https:\/\/de.wikipedia.org\/wiki\/Ringier\",\"https:\/\/fr.wikipedia.org\/wiki\/Ringier\",\"https:\/\/www.crunchbase.com\/organization\/ringier-ag\"]}]}<\/script>\n<!-- \/ Yoast SEO Premium plugin. -->","yoast_head_json":{"title":"Die Nutzungsbedingungen f\u00fcr unsere Website-Inhalte | Ringier","description":"Unsere Nutzungsbedingungen f\u00fcr die urheberrechtlich gesch\u00fctzten Bilder und Inhalte auf unserer Website f\u00fcr private, redaktionelle oder kommerzielle Zwecke.","robots":{"index":"index","follow":"follow","max-snippet":"max-snippet:-1","max-image-preview":"max-image-preview:large","max-video-preview":"max-video-preview:-1"},"canonical":"https:\/\/www.ringier.com\/de\/nutzungsbedingungen\/","og_locale":"de_DE","og_type":"article","og_title":"Nutzungsbedingungen","og_description":"Unsere Nutzungsbedingungen f\u00fcr die urheberrechtlich gesch\u00fctzten Bilder und Inhalte auf unserer Website f\u00fcr private, redaktionelle oder kommerzielle Zwecke.","og_url":"https:\/\/www.ringier.com\/de\/nutzungsbedingungen\/","og_site_name":"Ringier","article_publisher":"https:\/\/www.facebook.com\/ringierag\/","article_modified_time":"2021-10-27T15:42:07+00:00","twitter_card":"summary_large_image","twitter_site":"@ringier_ag","twitter_misc":{"Gesch\u00e4tzte Lesezeit":"1 Minute"},"schema":{"@context":"https:\/\/schema.org","@graph":[{"@type":"WebPage","@id":"https:\/\/www.ringier.com\/de\/nutzungsbedingungen\/","url":"https:\/\/www.ringier.com\/de\/nutzungsbedingungen\/","name":"Die Nutzungsbedingungen f\u00fcr unsere Website-Inhalte | Ringier","isPartOf":{"@id":"https:\/\/www.ringier.com\/de\/#website"},"datePublished":"2021-07-07T09:23:44+00:00","dateModified":"2021-10-27T15:42:07+00:00","description":"Unsere Nutzungsbedingungen f\u00fcr die urheberrechtlich gesch\u00fctzten Bilder und Inhalte auf unserer Website f\u00fcr private, redaktionelle oder kommerzielle Zwecke.","breadcrumb":{"@id":"https:\/\/www.ringier.com\/de\/nutzungsbedingungen\/#breadcrumb"},"inLanguage":"de-DE","potentialAction":[{"@type":"ReadAction","target":["https:\/\/www.ringier.com\/de\/nutzungsbedingungen\/"]}]},{"@type":"BreadcrumbList","@id":"https:\/\/www.ringier.com\/de\/nutzungsbedingungen\/#breadcrumb","itemListElement":[{"@type":"ListItem","position":1,"name":"Home","item":"https:\/\/www.ringier.com\/de\/"},{"@type":"ListItem","position":2,"name":"Nutzungsbedingungen"}]},{"@type":"WebSite","@id":"https:\/\/www.ringier.com\/de\/#website","url":"https:\/\/www.ringier.com\/de\/","name":"Ringier","description":"We inform. We entertain. We connect","publisher":{"@id":"https:\/\/www.ringier.com\/de\/#organization"},"potentialAction":[{"@type":"SearchAction","target":{"@type":"EntryPoint","urlTemplate":"https:\/\/www.ringier.com\/de\/?s={search_term_string}"},"query-input":{"@type":"PropertyValueSpecification","valueRequired":true,"valueName":"search_term_string"}}],"inLanguage":"de-DE"},{"@type":"Organization","@id":"https:\/\/www.ringier.com\/de\/#organization","name":"Ringier","url":"https:\/\/www.ringier.com\/de\/","logo":{"@type":"ImageObject","inLanguage":"de-DE","@id":"https:\/\/www.ringier.com\/de\/#\/schema\/logo\/image\/","url":"https:\/\/www.ringier.com\/wp-content\/uploads\/2021\/10\/ringier_logo_2.jpg","contentUrl":"https:\/\/www.ringier.com\/wp-content\/uploads\/2021\/10\/ringier_logo_2.jpg","width":750,"height":550,"caption":"Ringier"},"image":{"@id":"https:\/\/www.ringier.com\/de\/#\/schema\/logo\/image\/"},"sameAs":["https:\/\/www.facebook.com\/ringierag\/","https:\/\/x.com\/ringier_ag","https:\/\/www.instagram.com\/ringier_ag\/","https:\/\/www.linkedin.com\/company\/ringier\/","https:\/\/www.youtube.com\/user\/RingierComm","https:\/\/en.wikipedia.org\/wiki\/Ringier","https:\/\/de.wikipedia.org\/wiki\/Ringier","https:\/\/fr.wikipedia.org\/wiki\/Ringier","https:\/\/www.crunchbase.com\/organization\/ringier-ag"]}]}},"_links":{"self":[{"href":"https:\/\/www.ringier.com\/de\/wp-json\/wp\/v2\/pages\/9153","targetHints":{"allow":["GET"]}}],"collection":[{"href":"https:\/\/www.ringier.com\/de\/wp-json\/wp\/v2\/pages"}],"about":[{"href":"https:\/\/www.ringier.com\/de\/wp-json\/wp\/v2\/types\/page"}],"author":[{"embeddable":true,"href":"https:\/\/www.ringier.com\/de\/wp-json\/wp\/v2\/users\/5"}],"replies":[{"embeddable":true,"href":"https:\/\/www.ringier.com\/de\/wp-json\/wp\/v2\/comments?post=9153"}],"version-history":[{"count":0,"href":"https:\/\/www.ringier.com\/de\/wp-json\/wp\/v2\/pages\/9153\/revisions"}],"wp:attachment":[{"href":"https:\/\/www.ringier.com\/de\/wp-json\/wp\/v2\/media?parent=9153"}],"wp:term":[{"taxonomy":"product","embeddable":true,"href":"https:\/\/www.ringier.com\/de\/wp-json\/wp\/v2\/product?post=9153"}],"curies":[{"name":"wp","href":"https:\/\/api.w.org\/{rel}","templated":true}]}}