{"id":9149,"date":"2021-07-07T11:23:31","date_gmt":"2021-07-07T09:23:31","guid":{"rendered":"https:\/\/www.ringier.com\/legal-notice\/"},"modified":"2021-11-17T17:10:48","modified_gmt":"2021-11-17T16:10:48","slug":"impressum","status":"publish","type":"page","link":"https:\/\/www.ringier.com\/de\/impressum\/","title":{"rendered":"Impressum"},"content":{"rendered":"<div class=\"field-item even\">\n<div class=\"ds-1col entity entity-paragraphs-item paragraphs-item-text background-white view-mode-full_width clearfix\">\n<div class=\"content-wrapper\">\n<div class=\"field field-name-field-text field-type-text-long field-label-hidden\">\n<div class=\"field-items\">\n<div class=\"field-item even\">\n<p><span style=\"font-weight: 400;\">Die Inhalte der Ringier-Unternehmens-Website werden sorgf\u00e4ltig gepflegt und sind urheberrechtlich gesch\u00fctzt. Ringier \u00fcbernimmt keine Verantwortung f\u00fcr den Inhalt externer Links.<\/span><\/p>\n<p><b>Konzept und Inhalte:<\/b><\/p>\n<ul>\n<li><span style=\"font-weight: 400;\">Ringier Corporate Communications<\/span><\/li>\n<\/ul>\n<p><b>Technology:<\/b><\/p>\n<ul>\n<li><span style=\"font-weight: 400;\">Ringier S\u00fcdafrika<\/span><\/li>\n<\/ul>\n<p><b>Usability und Design:<\/b><\/p>\n<ul>\n<li style=\"font-weight: 400;\" aria-level=\"1\"><span style=\"font-weight: 400;\">Ringier S\u00fcdafrika <\/span><\/li>\n<li style=\"font-weight: 400;\" aria-level=\"1\"><span style=\"font-weight: 400;\">FS Parker AG<\/span><\/li>\n<\/ul>\n<p><span style=\"font-weight: 400;\">F\u00fcr Fragen zur Website wenden Sie sich bitte an Ringier Corporate Communications:<\/span><\/p>\n<p><span style=\"font-weight: 400;\">Ringier AG<br \/>\n<\/span><span style=\"font-weight: 400;\">Corporate Communications<br \/>\n<\/span><span style=\"font-weight: 400;\">Dufourstrasse 23<br \/>\n<\/span><span style=\"font-weight: 400;\">8008 Z\u00fcrich<\/span><span style=\"font-weight: 400;\"><br \/>\n<\/span><span style=\"font-weight: 400;\">Schweiz<\/span><span style=\"font-weight: 400;\"><br \/>\n<\/span><span style=\"font-weight: 400;\">+41 44 259 64 44<\/span><span style=\"font-weight: 400;\"><br \/>\n<\/span><a href=\"mailto:media@ringier.ch\"><span style=\"font-weight: 400;\">media@ringier.ch<\/span><\/a><\/p>\n<p><span style=\"font-weight: 400;\"><strong>Registrierter Sitz:\u00a0<\/strong><br \/>\n<\/span><span style=\"font-weight: 400;\">Ringier AG<br \/>\n<\/span><span style=\"font-weight: 400;\">Br\u00fchlstrasse 5<br \/>\n<\/span><span style=\"font-weight: 400;\">4800 Zofingen<br \/>\n<\/span><span style=\"font-weight: 400;\">Schweiz<\/span><\/p>\n<p>&nbsp;<\/p>\n<\/div>\n<\/div>\n<\/div>\n<\/div>\n<\/div>\n<\/div>\n","protected":false},"excerpt":{"rendered":"<p>Die Inhalte der Ringier-Unternehmens-Website werden sorgf\u00e4ltig gepflegt und sind urheberrechtlich gesch\u00fctzt. Ringier \u00fcbernimmt keine Verantwortung f\u00fcr den Inhalt externer Links. Konzept und Inhalte: Ringier Corporate Communications Technology: Ringier S\u00fcdafrika Usability und Design: Ringier S\u00fcdafrika FS Parker AG F\u00fcr Fragen zur Website wenden Sie sich bitte an Ringier Corporate Communications: Ringier AG Corporate Communications Dufourstrasse 23 [&hellip;]<\/p>\n","protected":false},"author":5,"featured_media":0,"parent":0,"menu_order":0,"comment_status":"closed","ping_status":"closed","template":"","meta":{"inline_featured_image":false},"product":[],"class_list":["post-9149","page","type-page","status-publish","hentry"],"yoast_head":"<!-- This site is optimized with the Yoast SEO Premium plugin v27.0 (Yoast SEO v27.0) - https:\/\/yoast.com\/product\/yoast-seo-premium-wordpress\/ -->\n<title>Impressum \u2013 Unsere gesetzlichen Rechte und Pflichten | Ringier<\/title>\n<meta name=\"description\" content=\"Die Inhalte auf der Ringier Corporate Website sind urheberrechtlich gesch\u00fctzt, und wir \u00fcbernehmen keine Verantwortung f\u00fcr fremde Inhalte.\" \/>\n<meta name=\"robots\" content=\"index, follow, max-snippet:-1, max-image-preview:large, max-video-preview:-1\" \/>\n<link rel=\"canonical\" href=\"https:\/\/www.ringier.com\/de\/impressum\/\" \/>\n<meta property=\"og:locale\" content=\"de_DE\" \/>\n<meta property=\"og:type\" content=\"article\" \/>\n<meta property=\"og:title\" content=\"Impressum\" \/>\n<meta property=\"og:description\" content=\"Die Inhalte auf der Ringier Corporate Website sind urheberrechtlich gesch\u00fctzt, und wir \u00fcbernehmen keine Verantwortung f\u00fcr fremde Inhalte.\" \/>\n<meta property=\"og:url\" content=\"https:\/\/www.ringier.com\/de\/impressum\/\" \/>\n<meta property=\"og:site_name\" content=\"Ringier\" \/>\n<meta property=\"article:publisher\" content=\"https:\/\/www.facebook.com\/ringierag\/\" \/>\n<meta property=\"article:modified_time\" content=\"2021-11-17T16:10:48+00:00\" \/>\n<meta name=\"twitter:card\" content=\"summary_large_image\" \/>\n<meta name=\"twitter:site\" content=\"@ringier_ag\" \/>\n<meta name=\"twitter:label1\" content=\"Gesch\u00e4tzte Lesezeit\" \/>\n\t<meta name=\"twitter:data1\" content=\"1 Minute\" \/>\n<script type=\"application\/ld+json\" class=\"yoast-schema-graph\">{\"@context\":\"https:\/\/schema.org\",\"@graph\":[{\"@type\":\"WebPage\",\"@id\":\"https:\/\/www.ringier.com\/de\/impressum\/\",\"url\":\"https:\/\/www.ringier.com\/de\/impressum\/\",\"name\":\"Impressum \u2013 Unsere gesetzlichen Rechte und Pflichten | Ringier\",\"isPartOf\":{\"@id\":\"https:\/\/www.ringier.com\/de\/#website\"},\"datePublished\":\"2021-07-07T09:23:31+00:00\",\"dateModified\":\"2021-11-17T16:10:48+00:00\",\"description\":\"Die Inhalte auf der Ringier Corporate Website sind urheberrechtlich gesch\u00fctzt, und wir \u00fcbernehmen keine Verantwortung f\u00fcr fremde Inhalte.\",\"breadcrumb\":{\"@id\":\"https:\/\/www.ringier.com\/de\/impressum\/#breadcrumb\"},\"inLanguage\":\"de-DE\",\"potentialAction\":[{\"@type\":\"ReadAction\",\"target\":[\"https:\/\/www.ringier.com\/de\/impressum\/\"]}]},{\"@type\":\"BreadcrumbList\",\"@id\":\"https:\/\/www.ringier.com\/de\/impressum\/#breadcrumb\",\"itemListElement\":[{\"@type\":\"ListItem\",\"position\":1,\"name\":\"Home\",\"item\":\"https:\/\/www.ringier.com\/de\/\"},{\"@type\":\"ListItem\",\"position\":2,\"name\":\"Impressum\"}]},{\"@type\":\"WebSite\",\"@id\":\"https:\/\/www.ringier.com\/de\/#website\",\"url\":\"https:\/\/www.ringier.com\/de\/\",\"name\":\"Ringier\",\"description\":\"We inform. We entertain. We connect\",\"publisher\":{\"@id\":\"https:\/\/www.ringier.com\/de\/#organization\"},\"potentialAction\":[{\"@type\":\"SearchAction\",\"target\":{\"@type\":\"EntryPoint\",\"urlTemplate\":\"https:\/\/www.ringier.com\/de\/?s={search_term_string}\"},\"query-input\":{\"@type\":\"PropertyValueSpecification\",\"valueRequired\":true,\"valueName\":\"search_term_string\"}}],\"inLanguage\":\"de-DE\"},{\"@type\":\"Organization\",\"@id\":\"https:\/\/www.ringier.com\/de\/#organization\",\"name\":\"Ringier\",\"url\":\"https:\/\/www.ringier.com\/de\/\",\"logo\":{\"@type\":\"ImageObject\",\"inLanguage\":\"de-DE\",\"@id\":\"https:\/\/www.ringier.com\/de\/#\/schema\/logo\/image\/\",\"url\":\"https:\/\/www.ringier.com\/wp-content\/uploads\/2021\/10\/ringier_logo_2.jpg\",\"contentUrl\":\"https:\/\/www.ringier.com\/wp-content\/uploads\/2021\/10\/ringier_logo_2.jpg\",\"width\":750,\"height\":550,\"caption\":\"Ringier\"},\"image\":{\"@id\":\"https:\/\/www.ringier.com\/de\/#\/schema\/logo\/image\/\"},\"sameAs\":[\"https:\/\/www.facebook.com\/ringierag\/\",\"https:\/\/x.com\/ringier_ag\",\"https:\/\/www.instagram.com\/ringier_ag\/\",\"https:\/\/www.linkedin.com\/company\/ringier\/\",\"https:\/\/www.youtube.com\/user\/RingierComm\",\"https:\/\/en.wikipedia.org\/wiki\/Ringier\",\"https:\/\/de.wikipedia.org\/wiki\/Ringier\",\"https:\/\/fr.wikipedia.org\/wiki\/Ringier\",\"https:\/\/www.crunchbase.com\/organization\/ringier-ag\"]}]}<\/script>\n<!-- \/ Yoast SEO Premium plugin. -->","yoast_head_json":{"title":"Impressum \u2013 Unsere gesetzlichen Rechte und Pflichten | Ringier","description":"Die Inhalte auf der Ringier Corporate Website sind urheberrechtlich gesch\u00fctzt, und wir \u00fcbernehmen keine Verantwortung f\u00fcr fremde Inhalte.","robots":{"index":"index","follow":"follow","max-snippet":"max-snippet:-1","max-image-preview":"max-image-preview:large","max-video-preview":"max-video-preview:-1"},"canonical":"https:\/\/www.ringier.com\/de\/impressum\/","og_locale":"de_DE","og_type":"article","og_title":"Impressum","og_description":"Die Inhalte auf der Ringier Corporate Website sind urheberrechtlich gesch\u00fctzt, und wir \u00fcbernehmen keine Verantwortung f\u00fcr fremde Inhalte.","og_url":"https:\/\/www.ringier.com\/de\/impressum\/","og_site_name":"Ringier","article_publisher":"https:\/\/www.facebook.com\/ringierag\/","article_modified_time":"2021-11-17T16:10:48+00:00","twitter_card":"summary_large_image","twitter_site":"@ringier_ag","twitter_misc":{"Gesch\u00e4tzte Lesezeit":"1 Minute"},"schema":{"@context":"https:\/\/schema.org","@graph":[{"@type":"WebPage","@id":"https:\/\/www.ringier.com\/de\/impressum\/","url":"https:\/\/www.ringier.com\/de\/impressum\/","name":"Impressum \u2013 Unsere gesetzlichen Rechte und Pflichten | Ringier","isPartOf":{"@id":"https:\/\/www.ringier.com\/de\/#website"},"datePublished":"2021-07-07T09:23:31+00:00","dateModified":"2021-11-17T16:10:48+00:00","description":"Die Inhalte auf der Ringier Corporate Website sind urheberrechtlich gesch\u00fctzt, und wir \u00fcbernehmen keine Verantwortung f\u00fcr fremde Inhalte.","breadcrumb":{"@id":"https:\/\/www.ringier.com\/de\/impressum\/#breadcrumb"},"inLanguage":"de-DE","potentialAction":[{"@type":"ReadAction","target":["https:\/\/www.ringier.com\/de\/impressum\/"]}]},{"@type":"BreadcrumbList","@id":"https:\/\/www.ringier.com\/de\/impressum\/#breadcrumb","itemListElement":[{"@type":"ListItem","position":1,"name":"Home","item":"https:\/\/www.ringier.com\/de\/"},{"@type":"ListItem","position":2,"name":"Impressum"}]},{"@type":"WebSite","@id":"https:\/\/www.ringier.com\/de\/#website","url":"https:\/\/www.ringier.com\/de\/","name":"Ringier","description":"We inform. We entertain. We connect","publisher":{"@id":"https:\/\/www.ringier.com\/de\/#organization"},"potentialAction":[{"@type":"SearchAction","target":{"@type":"EntryPoint","urlTemplate":"https:\/\/www.ringier.com\/de\/?s={search_term_string}"},"query-input":{"@type":"PropertyValueSpecification","valueRequired":true,"valueName":"search_term_string"}}],"inLanguage":"de-DE"},{"@type":"Organization","@id":"https:\/\/www.ringier.com\/de\/#organization","name":"Ringier","url":"https:\/\/www.ringier.com\/de\/","logo":{"@type":"ImageObject","inLanguage":"de-DE","@id":"https:\/\/www.ringier.com\/de\/#\/schema\/logo\/image\/","url":"https:\/\/www.ringier.com\/wp-content\/uploads\/2021\/10\/ringier_logo_2.jpg","contentUrl":"https:\/\/www.ringier.com\/wp-content\/uploads\/2021\/10\/ringier_logo_2.jpg","width":750,"height":550,"caption":"Ringier"},"image":{"@id":"https:\/\/www.ringier.com\/de\/#\/schema\/logo\/image\/"},"sameAs":["https:\/\/www.facebook.com\/ringierag\/","https:\/\/x.com\/ringier_ag","https:\/\/www.instagram.com\/ringier_ag\/","https:\/\/www.linkedin.com\/company\/ringier\/","https:\/\/www.youtube.com\/user\/RingierComm","https:\/\/en.wikipedia.org\/wiki\/Ringier","https:\/\/de.wikipedia.org\/wiki\/Ringier","https:\/\/fr.wikipedia.org\/wiki\/Ringier","https:\/\/www.crunchbase.com\/organization\/ringier-ag"]}]}},"_links":{"self":[{"href":"https:\/\/www.ringier.com\/de\/wp-json\/wp\/v2\/pages\/9149","targetHints":{"allow":["GET"]}}],"collection":[{"href":"https:\/\/www.ringier.com\/de\/wp-json\/wp\/v2\/pages"}],"about":[{"href":"https:\/\/www.ringier.com\/de\/wp-json\/wp\/v2\/types\/page"}],"author":[{"embeddable":true,"href":"https:\/\/www.ringier.com\/de\/wp-json\/wp\/v2\/users\/5"}],"replies":[{"embeddable":true,"href":"https:\/\/www.ringier.com\/de\/wp-json\/wp\/v2\/comments?post=9149"}],"version-history":[{"count":0,"href":"https:\/\/www.ringier.com\/de\/wp-json\/wp\/v2\/pages\/9149\/revisions"}],"wp:attachment":[{"href":"https:\/\/www.ringier.com\/de\/wp-json\/wp\/v2\/media?parent=9149"}],"wp:term":[{"taxonomy":"product","embeddable":true,"href":"https:\/\/www.ringier.com\/de\/wp-json\/wp\/v2\/product?post=9149"}],"curies":[{"name":"wp","href":"https:\/\/api.w.org\/{rel}","templated":true}]}}