{"id":9139,"date":"2021-07-07T11:25:19","date_gmt":"2021-07-07T09:25:19","guid":{"rendered":"https:\/\/www.ringier.com\/uber-uns\/south-africa\/"},"modified":"2025-06-23T14:45:05","modified_gmt":"2025-06-23T12:45:05","slug":"ringier-suedafrika","status":"publish","type":"page","link":"https:\/\/www.ringier.com\/de\/uber-uns\/ringier-suedafrika\/","title":{"rendered":"Ringier S\u00fcdafrika"},"content":{"rendered":"","protected":false},"excerpt":{"rendered":"","protected":false},"author":5,"featured_media":13913,"parent":9130,"menu_order":0,"comment_status":"closed","ping_status":"closed","template":"page-templates\/ringier-south-africa.php","meta":{"inline_featured_image":false},"product":[],"class_list":["post-9139","page","type-page","status-publish","has-post-thumbnail","hentry"],"yoast_head":"<!-- This site is optimized with the Yoast SEO Premium plugin v27.0 (Yoast SEO v27.0) - https:\/\/yoast.com\/product\/yoast-seo-premium-wordpress\/ -->\n<title>\u00dcber Ringier S\u00fcdafrika \u2013 Unser Technology Hub | Ringier<\/title>\n<meta name=\"description\" content=\"Unser s\u00fcdafrikanisches Team stellt modernste Technologie zur Verf\u00fcgung und transformiert digitale Marktpl\u00e4tze in aufstrebenden Wirtschaftsr\u00e4umen. Erfahren Sie, wie.\" \/>\n<meta name=\"robots\" content=\"index, follow, max-snippet:-1, max-image-preview:large, max-video-preview:-1\" \/>\n<link rel=\"canonical\" href=\"https:\/\/www.ringier.com\/de\/uber-uns\/ringier-suedafrika\/\" \/>\n<meta property=\"og:locale\" content=\"de_DE\" \/>\n<meta property=\"og:type\" content=\"article\" \/>\n<meta property=\"og:title\" content=\"Ringier S\u00fcdafrika\" \/>\n<meta property=\"og:description\" content=\"Unser s\u00fcdafrikanisches Team stellt modernste Technologie zur Verf\u00fcgung und transformiert digitale Marktpl\u00e4tze in aufstrebenden Wirtschaftsr\u00e4umen. Erfahren Sie, wie.\" \/>\n<meta property=\"og:url\" content=\"https:\/\/www.ringier.com\/de\/uber-uns\/ringier-suedafrika\/\" \/>\n<meta property=\"og:site_name\" content=\"Ringier\" \/>\n<meta property=\"article:publisher\" content=\"https:\/\/www.facebook.com\/ringierag\/\" \/>\n<meta property=\"article:modified_time\" content=\"2025-06-23T12:45:05+00:00\" \/>\n<meta property=\"og:image\" content=\"https:\/\/www.ringier.com\/wp-content\/uploads\/2022\/03\/South-Africa_LocationsOpenfile.png\" \/>\n\t<meta property=\"og:image:width\" content=\"1920\" \/>\n\t<meta property=\"og:image:height\" content=\"1008\" \/>\n\t<meta property=\"og:image:type\" content=\"image\/png\" \/>\n<meta name=\"twitter:card\" content=\"summary_large_image\" \/>\n<meta name=\"twitter:site\" content=\"@ringier_ag\" \/>\n<meta name=\"twitter:label1\" content=\"Gesch\u00e4tzte Lesezeit\" \/>\n\t<meta name=\"twitter:data1\" content=\"2 Minuten\" \/>\n<script type=\"application\/ld+json\" class=\"yoast-schema-graph\">{\"@context\":\"https:\/\/schema.org\",\"@graph\":[{\"@type\":\"WebPage\",\"@id\":\"https:\/\/www.ringier.com\/de\/uber-uns\/ringier-suedafrika\/\",\"url\":\"https:\/\/www.ringier.com\/de\/uber-uns\/ringier-suedafrika\/\",\"name\":\"\u00dcber Ringier S\u00fcdafrika \u2013 Unser Technology Hub | Ringier\",\"isPartOf\":{\"@id\":\"https:\/\/www.ringier.com\/de\/#website\"},\"primaryImageOfPage\":{\"@id\":\"https:\/\/www.ringier.com\/de\/uber-uns\/ringier-suedafrika\/#primaryimage\"},\"image\":{\"@id\":\"https:\/\/www.ringier.com\/de\/uber-uns\/ringier-suedafrika\/#primaryimage\"},\"thumbnailUrl\":\"https:\/\/www.ringier.com\/wp-content\/uploads\/2022\/03\/South-Africa_LocationsOpenfile.png\",\"datePublished\":\"2021-07-07T09:25:19+00:00\",\"dateModified\":\"2025-06-23T12:45:05+00:00\",\"description\":\"Unser s\u00fcdafrikanisches Team stellt modernste Technologie zur Verf\u00fcgung und transformiert digitale Marktpl\u00e4tze in aufstrebenden Wirtschaftsr\u00e4umen. Erfahren Sie, wie.\",\"breadcrumb\":{\"@id\":\"https:\/\/www.ringier.com\/de\/uber-uns\/ringier-suedafrika\/#breadcrumb\"},\"inLanguage\":\"de-DE\",\"potentialAction\":[{\"@type\":\"ReadAction\",\"target\":[\"https:\/\/www.ringier.com\/de\/uber-uns\/ringier-suedafrika\/\"]}]},{\"@type\":\"ImageObject\",\"inLanguage\":\"de-DE\",\"@id\":\"https:\/\/www.ringier.com\/de\/uber-uns\/ringier-suedafrika\/#primaryimage\",\"url\":\"https:\/\/www.ringier.com\/wp-content\/uploads\/2022\/03\/South-Africa_LocationsOpenfile.png\",\"contentUrl\":\"https:\/\/www.ringier.com\/wp-content\/uploads\/2022\/03\/South-Africa_LocationsOpenfile.png\",\"width\":1920,\"height\":1008},{\"@type\":\"BreadcrumbList\",\"@id\":\"https:\/\/www.ringier.com\/de\/uber-uns\/ringier-suedafrika\/#breadcrumb\",\"itemListElement\":[{\"@type\":\"ListItem\",\"position\":1,\"name\":\"Home\",\"item\":\"https:\/\/www.ringier.com\/de\/\"},{\"@type\":\"ListItem\",\"position\":2,\"name\":\"\u00dcber uns\",\"item\":\"https:\/\/www.ringier.com\/de\/uber-uns\/\"},{\"@type\":\"ListItem\",\"position\":3,\"name\":\"Ringier S\u00fcdafrika\"}]},{\"@type\":\"WebSite\",\"@id\":\"https:\/\/www.ringier.com\/de\/#website\",\"url\":\"https:\/\/www.ringier.com\/de\/\",\"name\":\"Ringier\",\"description\":\"We inform. We entertain. We connect\",\"publisher\":{\"@id\":\"https:\/\/www.ringier.com\/de\/#organization\"},\"potentialAction\":[{\"@type\":\"SearchAction\",\"target\":{\"@type\":\"EntryPoint\",\"urlTemplate\":\"https:\/\/www.ringier.com\/de\/?s={search_term_string}\"},\"query-input\":{\"@type\":\"PropertyValueSpecification\",\"valueRequired\":true,\"valueName\":\"search_term_string\"}}],\"inLanguage\":\"de-DE\"},{\"@type\":\"Organization\",\"@id\":\"https:\/\/www.ringier.com\/de\/#organization\",\"name\":\"Ringier\",\"url\":\"https:\/\/www.ringier.com\/de\/\",\"logo\":{\"@type\":\"ImageObject\",\"inLanguage\":\"de-DE\",\"@id\":\"https:\/\/www.ringier.com\/de\/#\/schema\/logo\/image\/\",\"url\":\"https:\/\/www.ringier.com\/wp-content\/uploads\/2021\/10\/ringier_logo_2.jpg\",\"contentUrl\":\"https:\/\/www.ringier.com\/wp-content\/uploads\/2021\/10\/ringier_logo_2.jpg\",\"width\":750,\"height\":550,\"caption\":\"Ringier\"},\"image\":{\"@id\":\"https:\/\/www.ringier.com\/de\/#\/schema\/logo\/image\/\"},\"sameAs\":[\"https:\/\/www.facebook.com\/ringierag\/\",\"https:\/\/x.com\/ringier_ag\",\"https:\/\/www.instagram.com\/ringier_ag\/\",\"https:\/\/www.linkedin.com\/company\/ringier\/\",\"https:\/\/www.youtube.com\/user\/RingierComm\",\"https:\/\/en.wikipedia.org\/wiki\/Ringier\",\"https:\/\/de.wikipedia.org\/wiki\/Ringier\",\"https:\/\/fr.wikipedia.org\/wiki\/Ringier\",\"https:\/\/www.crunchbase.com\/organization\/ringier-ag\"]}]}<\/script>\n<!-- \/ Yoast SEO Premium plugin. -->","yoast_head_json":{"title":"\u00dcber Ringier S\u00fcdafrika \u2013 Unser Technology Hub | Ringier","description":"Unser s\u00fcdafrikanisches Team stellt modernste Technologie zur Verf\u00fcgung und transformiert digitale Marktpl\u00e4tze in aufstrebenden Wirtschaftsr\u00e4umen. Erfahren Sie, wie.","robots":{"index":"index","follow":"follow","max-snippet":"max-snippet:-1","max-image-preview":"max-image-preview:large","max-video-preview":"max-video-preview:-1"},"canonical":"https:\/\/www.ringier.com\/de\/uber-uns\/ringier-suedafrika\/","og_locale":"de_DE","og_type":"article","og_title":"Ringier S\u00fcdafrika","og_description":"Unser s\u00fcdafrikanisches Team stellt modernste Technologie zur Verf\u00fcgung und transformiert digitale Marktpl\u00e4tze in aufstrebenden Wirtschaftsr\u00e4umen. Erfahren Sie, wie.","og_url":"https:\/\/www.ringier.com\/de\/uber-uns\/ringier-suedafrika\/","og_site_name":"Ringier","article_publisher":"https:\/\/www.facebook.com\/ringierag\/","article_modified_time":"2025-06-23T12:45:05+00:00","og_image":[{"width":1920,"height":1008,"url":"https:\/\/www.ringier.com\/wp-content\/uploads\/2022\/03\/South-Africa_LocationsOpenfile.png","type":"image\/png"}],"twitter_card":"summary_large_image","twitter_site":"@ringier_ag","twitter_misc":{"Gesch\u00e4tzte Lesezeit":"2 Minuten"},"schema":{"@context":"https:\/\/schema.org","@graph":[{"@type":"WebPage","@id":"https:\/\/www.ringier.com\/de\/uber-uns\/ringier-suedafrika\/","url":"https:\/\/www.ringier.com\/de\/uber-uns\/ringier-suedafrika\/","name":"\u00dcber Ringier S\u00fcdafrika \u2013 Unser Technology Hub | Ringier","isPartOf":{"@id":"https:\/\/www.ringier.com\/de\/#website"},"primaryImageOfPage":{"@id":"https:\/\/www.ringier.com\/de\/uber-uns\/ringier-suedafrika\/#primaryimage"},"image":{"@id":"https:\/\/www.ringier.com\/de\/uber-uns\/ringier-suedafrika\/#primaryimage"},"thumbnailUrl":"https:\/\/www.ringier.com\/wp-content\/uploads\/2022\/03\/South-Africa_LocationsOpenfile.png","datePublished":"2021-07-07T09:25:19+00:00","dateModified":"2025-06-23T12:45:05+00:00","description":"Unser s\u00fcdafrikanisches Team stellt modernste Technologie zur Verf\u00fcgung und transformiert digitale Marktpl\u00e4tze in aufstrebenden Wirtschaftsr\u00e4umen. Erfahren Sie, wie.","breadcrumb":{"@id":"https:\/\/www.ringier.com\/de\/uber-uns\/ringier-suedafrika\/#breadcrumb"},"inLanguage":"de-DE","potentialAction":[{"@type":"ReadAction","target":["https:\/\/www.ringier.com\/de\/uber-uns\/ringier-suedafrika\/"]}]},{"@type":"ImageObject","inLanguage":"de-DE","@id":"https:\/\/www.ringier.com\/de\/uber-uns\/ringier-suedafrika\/#primaryimage","url":"https:\/\/www.ringier.com\/wp-content\/uploads\/2022\/03\/South-Africa_LocationsOpenfile.png","contentUrl":"https:\/\/www.ringier.com\/wp-content\/uploads\/2022\/03\/South-Africa_LocationsOpenfile.png","width":1920,"height":1008},{"@type":"BreadcrumbList","@id":"https:\/\/www.ringier.com\/de\/uber-uns\/ringier-suedafrika\/#breadcrumb","itemListElement":[{"@type":"ListItem","position":1,"name":"Home","item":"https:\/\/www.ringier.com\/de\/"},{"@type":"ListItem","position":2,"name":"\u00dcber uns","item":"https:\/\/www.ringier.com\/de\/uber-uns\/"},{"@type":"ListItem","position":3,"name":"Ringier S\u00fcdafrika"}]},{"@type":"WebSite","@id":"https:\/\/www.ringier.com\/de\/#website","url":"https:\/\/www.ringier.com\/de\/","name":"Ringier","description":"We inform. We entertain. We connect","publisher":{"@id":"https:\/\/www.ringier.com\/de\/#organization"},"potentialAction":[{"@type":"SearchAction","target":{"@type":"EntryPoint","urlTemplate":"https:\/\/www.ringier.com\/de\/?s={search_term_string}"},"query-input":{"@type":"PropertyValueSpecification","valueRequired":true,"valueName":"search_term_string"}}],"inLanguage":"de-DE"},{"@type":"Organization","@id":"https:\/\/www.ringier.com\/de\/#organization","name":"Ringier","url":"https:\/\/www.ringier.com\/de\/","logo":{"@type":"ImageObject","inLanguage":"de-DE","@id":"https:\/\/www.ringier.com\/de\/#\/schema\/logo\/image\/","url":"https:\/\/www.ringier.com\/wp-content\/uploads\/2021\/10\/ringier_logo_2.jpg","contentUrl":"https:\/\/www.ringier.com\/wp-content\/uploads\/2021\/10\/ringier_logo_2.jpg","width":750,"height":550,"caption":"Ringier"},"image":{"@id":"https:\/\/www.ringier.com\/de\/#\/schema\/logo\/image\/"},"sameAs":["https:\/\/www.facebook.com\/ringierag\/","https:\/\/x.com\/ringier_ag","https:\/\/www.instagram.com\/ringier_ag\/","https:\/\/www.linkedin.com\/company\/ringier\/","https:\/\/www.youtube.com\/user\/RingierComm","https:\/\/en.wikipedia.org\/wiki\/Ringier","https:\/\/de.wikipedia.org\/wiki\/Ringier","https:\/\/fr.wikipedia.org\/wiki\/Ringier","https:\/\/www.crunchbase.com\/organization\/ringier-ag"]}]}},"_links":{"self":[{"href":"https:\/\/www.ringier.com\/de\/wp-json\/wp\/v2\/pages\/9139","targetHints":{"allow":["GET"]}}],"collection":[{"href":"https:\/\/www.ringier.com\/de\/wp-json\/wp\/v2\/pages"}],"about":[{"href":"https:\/\/www.ringier.com\/de\/wp-json\/wp\/v2\/types\/page"}],"author":[{"embeddable":true,"href":"https:\/\/www.ringier.com\/de\/wp-json\/wp\/v2\/users\/5"}],"replies":[{"embeddable":true,"href":"https:\/\/www.ringier.com\/de\/wp-json\/wp\/v2\/comments?post=9139"}],"version-history":[{"count":0,"href":"https:\/\/www.ringier.com\/de\/wp-json\/wp\/v2\/pages\/9139\/revisions"}],"up":[{"embeddable":true,"href":"https:\/\/www.ringier.com\/de\/wp-json\/wp\/v2\/pages\/9130"}],"wp:featuredmedia":[{"embeddable":true,"href":"https:\/\/www.ringier.com\/de\/wp-json\/wp\/v2\/media\/13913"}],"wp:attachment":[{"href":"https:\/\/www.ringier.com\/de\/wp-json\/wp\/v2\/media?parent=9139"}],"wp:term":[{"taxonomy":"product","embeddable":true,"href":"https:\/\/www.ringier.com\/de\/wp-json\/wp\/v2\/product?post=9139"}],"curies":[{"name":"wp","href":"https:\/\/api.w.org\/{rel}","templated":true}]}}