{"id":9028,"date":"2021-07-07T11:26:30","date_gmt":"2021-07-07T09:26:30","guid":{"rendered":"https:\/\/www.ringier.com\/code-of-conduct\/"},"modified":"2026-04-14T08:24:21","modified_gmt":"2026-04-14T06:24:21","slug":"code-of-conduct","status":"publish","type":"page","link":"https:\/\/www.ringier.com\/de\/uber-uns\/code-of-conduct\/","title":{"rendered":"Code of Conduct"},"content":{"rendered":"","protected":false},"excerpt":{"rendered":"<p>Unser Code of Conduct unterst\u00fctzt uns in unserem t\u00e4glichen Engagement, indem er unsere Grundwerte und die verbindlichen Verhaltensregeln definiert, die unser Handeln leiten. Damit begr\u00fcnden wir unsere Glaubw\u00fcrdigkeit &#8211; als Arbeitgeber, Gesch\u00e4ftspartner, Wettbewerber und als verantwortungsvoller Mitgestalter der Gesellschaft. Wir sch\u00e4tzen jeden Beitrag, der uns hilft, transparent, fair und unabh\u00e4ngig in einer gemeinsamen Anstrengung als r\u00fccksichtsvolles und erfolgreiches Unternehmen zu handeln.<\/p>\n","protected":false},"author":5,"featured_media":10963,"parent":9130,"menu_order":0,"comment_status":"closed","ping_status":"closed","template":"page-templates\/code-of-conduct.php","meta":{"inline_featured_image":false},"product":[],"class_list":["post-9028","page","type-page","status-publish","has-post-thumbnail","hentry"],"yoast_head":"<!-- This site is optimized with the Yoast SEO Premium plugin v27.0 (Yoast SEO v27.0) - https:\/\/yoast.com\/product\/yoast-seo-premium-wordpress\/ -->\n<title>Code of Conduct \u2013 Richtlinien zu unserem ethischen Verhalten | Ringier<\/title>\n<meta name=\"description\" content=\"Wir haben verbindliche Richtlinien zum ethischen Verhalten f\u00fcr alle Mitarbeitenden im Umgang mit Gesch\u00e4ftspartnern und der \u00d6ffentlichkeit. Lesen Sie weiter.\" \/>\n<meta name=\"robots\" content=\"index, follow, max-snippet:-1, max-image-preview:large, max-video-preview:-1\" \/>\n<link rel=\"canonical\" href=\"https:\/\/www.ringier.com\/de\/uber-uns\/code-of-conduct\/\" \/>\n<meta property=\"og:locale\" content=\"de_DE\" \/>\n<meta property=\"og:type\" content=\"article\" \/>\n<meta property=\"og:title\" content=\"Code of Conduct\" \/>\n<meta property=\"og:description\" content=\"Wir haben verbindliche Richtlinien zum ethischen Verhalten f\u00fcr alle Mitarbeitenden im Umgang mit Gesch\u00e4ftspartnern und der \u00d6ffentlichkeit. Lesen Sie weiter.\" \/>\n<meta property=\"og:url\" content=\"https:\/\/www.ringier.com\/de\/uber-uns\/code-of-conduct\/\" \/>\n<meta property=\"og:site_name\" content=\"Ringier\" \/>\n<meta property=\"article:publisher\" content=\"https:\/\/www.facebook.com\/ringierag\/\" \/>\n<meta property=\"article:modified_time\" content=\"2026-04-14T06:24:21+00:00\" \/>\n<meta property=\"og:image\" content=\"https:\/\/www.ringier.com\/wp-content\/uploads\/2021\/10\/22_CodeOfConduct-Intro.jpg\" \/>\n\t<meta property=\"og:image:width\" content=\"1920\" \/>\n\t<meta property=\"og:image:height\" content=\"1008\" \/>\n\t<meta property=\"og:image:type\" content=\"image\/jpeg\" \/>\n<meta name=\"twitter:card\" content=\"summary_large_image\" \/>\n<meta name=\"twitter:site\" content=\"@ringier_ag\" \/>\n<meta name=\"twitter:label1\" content=\"Gesch\u00e4tzte Lesezeit\" \/>\n\t<meta name=\"twitter:data1\" content=\"1 Minute\" \/>\n<script type=\"application\/ld+json\" class=\"yoast-schema-graph\">{\"@context\":\"https:\/\/schema.org\",\"@graph\":[{\"@type\":\"WebPage\",\"@id\":\"https:\/\/www.ringier.com\/de\/uber-uns\/code-of-conduct\/\",\"url\":\"https:\/\/www.ringier.com\/de\/uber-uns\/code-of-conduct\/\",\"name\":\"Code of Conduct \u2013 Richtlinien zu unserem ethischen Verhalten | Ringier\",\"isPartOf\":{\"@id\":\"https:\/\/www.ringier.com\/de\/#website\"},\"primaryImageOfPage\":{\"@id\":\"https:\/\/www.ringier.com\/de\/uber-uns\/code-of-conduct\/#primaryimage\"},\"image\":{\"@id\":\"https:\/\/www.ringier.com\/de\/uber-uns\/code-of-conduct\/#primaryimage\"},\"thumbnailUrl\":\"https:\/\/www.ringier.com\/wp-content\/uploads\/2021\/10\/22_CodeOfConduct-Intro.jpg\",\"datePublished\":\"2021-07-07T09:26:30+00:00\",\"dateModified\":\"2026-04-14T06:24:21+00:00\",\"description\":\"Wir haben verbindliche Richtlinien zum ethischen Verhalten f\u00fcr alle Mitarbeitenden im Umgang mit Gesch\u00e4ftspartnern und der \u00d6ffentlichkeit. Lesen Sie weiter.\",\"breadcrumb\":{\"@id\":\"https:\/\/www.ringier.com\/de\/uber-uns\/code-of-conduct\/#breadcrumb\"},\"inLanguage\":\"de-DE\",\"potentialAction\":[{\"@type\":\"ReadAction\",\"target\":[\"https:\/\/www.ringier.com\/de\/uber-uns\/code-of-conduct\/\"]}]},{\"@type\":\"ImageObject\",\"inLanguage\":\"de-DE\",\"@id\":\"https:\/\/www.ringier.com\/de\/uber-uns\/code-of-conduct\/#primaryimage\",\"url\":\"https:\/\/www.ringier.com\/wp-content\/uploads\/2021\/10\/22_CodeOfConduct-Intro.jpg\",\"contentUrl\":\"https:\/\/www.ringier.com\/wp-content\/uploads\/2021\/10\/22_CodeOfConduct-Intro.jpg\",\"width\":1920,\"height\":1008},{\"@type\":\"BreadcrumbList\",\"@id\":\"https:\/\/www.ringier.com\/de\/uber-uns\/code-of-conduct\/#breadcrumb\",\"itemListElement\":[{\"@type\":\"ListItem\",\"position\":1,\"name\":\"Home\",\"item\":\"https:\/\/www.ringier.com\/de\/\"},{\"@type\":\"ListItem\",\"position\":2,\"name\":\"\u00dcber uns\",\"item\":\"https:\/\/www.ringier.com\/de\/uber-uns\/\"},{\"@type\":\"ListItem\",\"position\":3,\"name\":\"Code of Conduct\"}]},{\"@type\":\"WebSite\",\"@id\":\"https:\/\/www.ringier.com\/de\/#website\",\"url\":\"https:\/\/www.ringier.com\/de\/\",\"name\":\"Ringier\",\"description\":\"We inform. We entertain. We connect\",\"publisher\":{\"@id\":\"https:\/\/www.ringier.com\/de\/#organization\"},\"potentialAction\":[{\"@type\":\"SearchAction\",\"target\":{\"@type\":\"EntryPoint\",\"urlTemplate\":\"https:\/\/www.ringier.com\/de\/?s={search_term_string}\"},\"query-input\":{\"@type\":\"PropertyValueSpecification\",\"valueRequired\":true,\"valueName\":\"search_term_string\"}}],\"inLanguage\":\"de-DE\"},{\"@type\":\"Organization\",\"@id\":\"https:\/\/www.ringier.com\/de\/#organization\",\"name\":\"Ringier\",\"url\":\"https:\/\/www.ringier.com\/de\/\",\"logo\":{\"@type\":\"ImageObject\",\"inLanguage\":\"de-DE\",\"@id\":\"https:\/\/www.ringier.com\/de\/#\/schema\/logo\/image\/\",\"url\":\"https:\/\/www.ringier.com\/wp-content\/uploads\/2021\/10\/ringier_logo_2.jpg\",\"contentUrl\":\"https:\/\/www.ringier.com\/wp-content\/uploads\/2021\/10\/ringier_logo_2.jpg\",\"width\":750,\"height\":550,\"caption\":\"Ringier\"},\"image\":{\"@id\":\"https:\/\/www.ringier.com\/de\/#\/schema\/logo\/image\/\"},\"sameAs\":[\"https:\/\/www.facebook.com\/ringierag\/\",\"https:\/\/x.com\/ringier_ag\",\"https:\/\/www.instagram.com\/ringier_ag\/\",\"https:\/\/www.linkedin.com\/company\/ringier\/\",\"https:\/\/www.youtube.com\/user\/RingierComm\",\"https:\/\/en.wikipedia.org\/wiki\/Ringier\",\"https:\/\/de.wikipedia.org\/wiki\/Ringier\",\"https:\/\/fr.wikipedia.org\/wiki\/Ringier\",\"https:\/\/www.crunchbase.com\/organization\/ringier-ag\"]}]}<\/script>\n<!-- \/ Yoast SEO Premium plugin. -->","yoast_head_json":{"title":"Code of Conduct \u2013 Richtlinien zu unserem ethischen Verhalten | Ringier","description":"Wir haben verbindliche Richtlinien zum ethischen Verhalten f\u00fcr alle Mitarbeitenden im Umgang mit Gesch\u00e4ftspartnern und der \u00d6ffentlichkeit. Lesen Sie weiter.","robots":{"index":"index","follow":"follow","max-snippet":"max-snippet:-1","max-image-preview":"max-image-preview:large","max-video-preview":"max-video-preview:-1"},"canonical":"https:\/\/www.ringier.com\/de\/uber-uns\/code-of-conduct\/","og_locale":"de_DE","og_type":"article","og_title":"Code of Conduct","og_description":"Wir haben verbindliche Richtlinien zum ethischen Verhalten f\u00fcr alle Mitarbeitenden im Umgang mit Gesch\u00e4ftspartnern und der \u00d6ffentlichkeit. Lesen Sie weiter.","og_url":"https:\/\/www.ringier.com\/de\/uber-uns\/code-of-conduct\/","og_site_name":"Ringier","article_publisher":"https:\/\/www.facebook.com\/ringierag\/","article_modified_time":"2026-04-14T06:24:21+00:00","og_image":[{"width":1920,"height":1008,"url":"https:\/\/www.ringier.com\/wp-content\/uploads\/2021\/10\/22_CodeOfConduct-Intro.jpg","type":"image\/jpeg"}],"twitter_card":"summary_large_image","twitter_site":"@ringier_ag","twitter_misc":{"Gesch\u00e4tzte Lesezeit":"1 Minute"},"schema":{"@context":"https:\/\/schema.org","@graph":[{"@type":"WebPage","@id":"https:\/\/www.ringier.com\/de\/uber-uns\/code-of-conduct\/","url":"https:\/\/www.ringier.com\/de\/uber-uns\/code-of-conduct\/","name":"Code of Conduct \u2013 Richtlinien zu unserem ethischen Verhalten | Ringier","isPartOf":{"@id":"https:\/\/www.ringier.com\/de\/#website"},"primaryImageOfPage":{"@id":"https:\/\/www.ringier.com\/de\/uber-uns\/code-of-conduct\/#primaryimage"},"image":{"@id":"https:\/\/www.ringier.com\/de\/uber-uns\/code-of-conduct\/#primaryimage"},"thumbnailUrl":"https:\/\/www.ringier.com\/wp-content\/uploads\/2021\/10\/22_CodeOfConduct-Intro.jpg","datePublished":"2021-07-07T09:26:30+00:00","dateModified":"2026-04-14T06:24:21+00:00","description":"Wir haben verbindliche Richtlinien zum ethischen Verhalten f\u00fcr alle Mitarbeitenden im Umgang mit Gesch\u00e4ftspartnern und der \u00d6ffentlichkeit. Lesen Sie weiter.","breadcrumb":{"@id":"https:\/\/www.ringier.com\/de\/uber-uns\/code-of-conduct\/#breadcrumb"},"inLanguage":"de-DE","potentialAction":[{"@type":"ReadAction","target":["https:\/\/www.ringier.com\/de\/uber-uns\/code-of-conduct\/"]}]},{"@type":"ImageObject","inLanguage":"de-DE","@id":"https:\/\/www.ringier.com\/de\/uber-uns\/code-of-conduct\/#primaryimage","url":"https:\/\/www.ringier.com\/wp-content\/uploads\/2021\/10\/22_CodeOfConduct-Intro.jpg","contentUrl":"https:\/\/www.ringier.com\/wp-content\/uploads\/2021\/10\/22_CodeOfConduct-Intro.jpg","width":1920,"height":1008},{"@type":"BreadcrumbList","@id":"https:\/\/www.ringier.com\/de\/uber-uns\/code-of-conduct\/#breadcrumb","itemListElement":[{"@type":"ListItem","position":1,"name":"Home","item":"https:\/\/www.ringier.com\/de\/"},{"@type":"ListItem","position":2,"name":"\u00dcber uns","item":"https:\/\/www.ringier.com\/de\/uber-uns\/"},{"@type":"ListItem","position":3,"name":"Code of Conduct"}]},{"@type":"WebSite","@id":"https:\/\/www.ringier.com\/de\/#website","url":"https:\/\/www.ringier.com\/de\/","name":"Ringier","description":"We inform. We entertain. We connect","publisher":{"@id":"https:\/\/www.ringier.com\/de\/#organization"},"potentialAction":[{"@type":"SearchAction","target":{"@type":"EntryPoint","urlTemplate":"https:\/\/www.ringier.com\/de\/?s={search_term_string}"},"query-input":{"@type":"PropertyValueSpecification","valueRequired":true,"valueName":"search_term_string"}}],"inLanguage":"de-DE"},{"@type":"Organization","@id":"https:\/\/www.ringier.com\/de\/#organization","name":"Ringier","url":"https:\/\/www.ringier.com\/de\/","logo":{"@type":"ImageObject","inLanguage":"de-DE","@id":"https:\/\/www.ringier.com\/de\/#\/schema\/logo\/image\/","url":"https:\/\/www.ringier.com\/wp-content\/uploads\/2021\/10\/ringier_logo_2.jpg","contentUrl":"https:\/\/www.ringier.com\/wp-content\/uploads\/2021\/10\/ringier_logo_2.jpg","width":750,"height":550,"caption":"Ringier"},"image":{"@id":"https:\/\/www.ringier.com\/de\/#\/schema\/logo\/image\/"},"sameAs":["https:\/\/www.facebook.com\/ringierag\/","https:\/\/x.com\/ringier_ag","https:\/\/www.instagram.com\/ringier_ag\/","https:\/\/www.linkedin.com\/company\/ringier\/","https:\/\/www.youtube.com\/user\/RingierComm","https:\/\/en.wikipedia.org\/wiki\/Ringier","https:\/\/de.wikipedia.org\/wiki\/Ringier","https:\/\/fr.wikipedia.org\/wiki\/Ringier","https:\/\/www.crunchbase.com\/organization\/ringier-ag"]}]}},"_links":{"self":[{"href":"https:\/\/www.ringier.com\/de\/wp-json\/wp\/v2\/pages\/9028","targetHints":{"allow":["GET"]}}],"collection":[{"href":"https:\/\/www.ringier.com\/de\/wp-json\/wp\/v2\/pages"}],"about":[{"href":"https:\/\/www.ringier.com\/de\/wp-json\/wp\/v2\/types\/page"}],"author":[{"embeddable":true,"href":"https:\/\/www.ringier.com\/de\/wp-json\/wp\/v2\/users\/5"}],"replies":[{"embeddable":true,"href":"https:\/\/www.ringier.com\/de\/wp-json\/wp\/v2\/comments?post=9028"}],"version-history":[{"count":0,"href":"https:\/\/www.ringier.com\/de\/wp-json\/wp\/v2\/pages\/9028\/revisions"}],"up":[{"embeddable":true,"href":"https:\/\/www.ringier.com\/de\/wp-json\/wp\/v2\/pages\/9130"}],"wp:featuredmedia":[{"embeddable":true,"href":"https:\/\/www.ringier.com\/de\/wp-json\/wp\/v2\/media\/10963"}],"wp:attachment":[{"href":"https:\/\/www.ringier.com\/de\/wp-json\/wp\/v2\/media?parent=9028"}],"wp:term":[{"taxonomy":"product","embeddable":true,"href":"https:\/\/www.ringier.com\/de\/wp-json\/wp\/v2\/product?post=9028"}],"curies":[{"name":"wp","href":"https:\/\/api.w.org\/{rel}","templated":true}]}}