{"id":21676,"date":"2025-06-19T11:34:10","date_gmt":"2025-06-19T09:34:10","guid":{"rendered":"https:\/\/www.ringier.com\/?page_id=21676"},"modified":"2025-06-19T11:36:01","modified_gmt":"2025-06-19T09:36:01","slug":"ringier-areal","status":"publish","type":"page","link":"https:\/\/www.ringier.com\/de\/ringier-areal\/","title":{"rendered":"Ringier Areal"},"content":{"rendered":"<h2>Bauprojekt<\/h2>\n<p>Das Areal des Unternehmens umfasst rund 55\u2019000 m2 an zentraler und hochattraktiver Lage, direkt beim Bahnhof in Zofingen. \u00dcber den westlichen Teil des Areals wurde ein Bauprojekt f\u00fcr eine Wohn\u00fcberbauung mit \u00fcber 200 Wohnungen ausgearbeitet, welches durch einen Drittinvestor realisiert werden soll. Die Investorenwahl soll im Jahr 2025 abgeschlossen werden.<\/p>\n<p>Zur weiteren St\u00e4rkung des Innovationsstandortes Zofingen treibt die Ringier Areal AG derzeit ein Arealentwicklungsprojekt f\u00fcr den \u00f6stlichen Teil des Areals mit dem historischen Hauptgeb\u00e4ude voran.<\/p>\n<h2>Fl\u00e4chenvermietung<\/h2>\n<p>Ringier Areal bietet als Eigent\u00fcmerin des bedeutungsvollen Industrieareals Arbeitsfl\u00e4chen mit allen Annehmlichkeiten an. Das Areal befindet sich direkt neben dem Bahnhof, die Autobahnanschl\u00fcsse A1 und A2 sind ebenfalls in wenigen Minuten erreichbar, wodurch der einmalige Standort als Drehscheibe f\u00fcr einen vielf\u00e4ltige Nutzungsf\u00e4cher dienen kann.<\/p>\n<h2>Fl\u00e4chenangebote<\/h2>\n<p>Flexible Raumaufteilungen und individuelle Ausbaum\u00f6glichkeiten sind ebenso m\u00f6glich wie die Anmietung zus\u00e4tzlicher Lager- und Archivr\u00e4ume.<\/p>\n<p>Bei Interesse wenden Sie sich bitte an:<br \/>\nGloria Leonhardt, Facility Management<br \/>\n+41 76 379 16 86<br \/>\nareal@ringier.ch<\/p>\n","protected":false},"excerpt":{"rendered":"<p>Bauprojekt Das Areal des Unternehmens umfasst rund 55\u2019000 m2 an zentraler und hochattraktiver Lage, direkt beim Bahnhof in Zofingen. \u00dcber den westlichen Teil des Areals wurde ein Bauprojekt f\u00fcr eine Wohn\u00fcberbauung mit \u00fcber 200 Wohnungen ausgearbeitet, welches durch einen Drittinvestor realisiert werden soll. Die Investorenwahl soll im Jahr 2025 abgeschlossen werden. Zur weiteren St\u00e4rkung des [&hellip;]<\/p>\n","protected":false},"author":24,"featured_media":21687,"parent":0,"menu_order":0,"comment_status":"closed","ping_status":"closed","template":"page-templates\/swissprinters.php","meta":{"inline_featured_image":false},"product":[],"class_list":["post-21676","page","type-page","status-publish","has-post-thumbnail","hentry"],"yoast_head":"<!-- This site is optimized with the Yoast SEO Premium plugin v27.0 (Yoast SEO v27.0) - https:\/\/yoast.com\/product\/yoast-seo-premium-wordpress\/ -->\n<title>Ringier Areal - Ringier<\/title>\n<meta name=\"robots\" content=\"index, follow, max-snippet:-1, max-image-preview:large, max-video-preview:-1\" \/>\n<link rel=\"canonical\" href=\"https:\/\/www.ringier.com\/de\/ringier-areal\/\" \/>\n<meta property=\"og:locale\" content=\"de_DE\" \/>\n<meta property=\"og:type\" content=\"article\" \/>\n<meta property=\"og:title\" content=\"Ringier Areal\" \/>\n<meta property=\"og:description\" content=\"Bauprojekt Das Areal des Unternehmens umfasst rund 55\u2019000 m2 an zentraler und hochattraktiver Lage, direkt beim Bahnhof in Zofingen. \u00dcber den westlichen Teil des Areals wurde ein Bauprojekt f\u00fcr eine Wohn\u00fcberbauung mit \u00fcber 200 Wohnungen ausgearbeitet, welches durch einen Drittinvestor realisiert werden soll. Die Investorenwahl soll im Jahr 2025 abgeschlossen werden. Zur weiteren St\u00e4rkung des [&hellip;]\" \/>\n<meta property=\"og:url\" content=\"https:\/\/www.ringier.com\/de\/ringier-areal\/\" \/>\n<meta property=\"og:site_name\" content=\"Ringier\" \/>\n<meta property=\"article:publisher\" content=\"https:\/\/www.facebook.com\/ringierag\/\" \/>\n<meta property=\"article:modified_time\" content=\"2025-06-19T09:36:01+00:00\" \/>\n<meta property=\"og:image\" content=\"https:\/\/www.ringier.com\/wp-content\/uploads\/2025\/05\/Ringier-Areal-Web-blau.jpg\" \/>\n\t<meta property=\"og:image:width\" content=\"1920\" \/>\n\t<meta property=\"og:image:height\" content=\"1008\" \/>\n\t<meta property=\"og:image:type\" content=\"image\/jpeg\" \/>\n<meta name=\"twitter:card\" content=\"summary_large_image\" \/>\n<meta name=\"twitter:site\" content=\"@ringier_ag\" \/>\n<meta name=\"twitter:label1\" content=\"Gesch\u00e4tzte Lesezeit\" \/>\n\t<meta name=\"twitter:data1\" content=\"2 Minuten\" \/>\n<script type=\"application\/ld+json\" class=\"yoast-schema-graph\">{\"@context\":\"https:\/\/schema.org\",\"@graph\":[{\"@type\":\"WebPage\",\"@id\":\"https:\/\/www.ringier.com\/de\/ringier-areal\/\",\"url\":\"https:\/\/www.ringier.com\/de\/ringier-areal\/\",\"name\":\"Ringier Areal - Ringier\",\"isPartOf\":{\"@id\":\"https:\/\/www.ringier.com\/de\/#website\"},\"primaryImageOfPage\":{\"@id\":\"https:\/\/www.ringier.com\/de\/ringier-areal\/#primaryimage\"},\"image\":{\"@id\":\"https:\/\/www.ringier.com\/de\/ringier-areal\/#primaryimage\"},\"thumbnailUrl\":\"https:\/\/www.ringier.com\/wp-content\/uploads\/2025\/05\/Ringier-Areal-Web-blau.jpg\",\"datePublished\":\"2025-06-19T09:34:10+00:00\",\"dateModified\":\"2025-06-19T09:36:01+00:00\",\"breadcrumb\":{\"@id\":\"https:\/\/www.ringier.com\/de\/ringier-areal\/#breadcrumb\"},\"inLanguage\":\"de-DE\",\"potentialAction\":[{\"@type\":\"ReadAction\",\"target\":[\"https:\/\/www.ringier.com\/de\/ringier-areal\/\"]}]},{\"@type\":\"ImageObject\",\"inLanguage\":\"de-DE\",\"@id\":\"https:\/\/www.ringier.com\/de\/ringier-areal\/#primaryimage\",\"url\":\"https:\/\/www.ringier.com\/wp-content\/uploads\/2025\/05\/Ringier-Areal-Web-blau.jpg\",\"contentUrl\":\"https:\/\/www.ringier.com\/wp-content\/uploads\/2025\/05\/Ringier-Areal-Web-blau.jpg\",\"width\":1920,\"height\":1008},{\"@type\":\"BreadcrumbList\",\"@id\":\"https:\/\/www.ringier.com\/de\/ringier-areal\/#breadcrumb\",\"itemListElement\":[{\"@type\":\"ListItem\",\"position\":1,\"name\":\"Home\",\"item\":\"https:\/\/www.ringier.com\/de\/\"},{\"@type\":\"ListItem\",\"position\":2,\"name\":\"Ringier Areal\"}]},{\"@type\":\"WebSite\",\"@id\":\"https:\/\/www.ringier.com\/de\/#website\",\"url\":\"https:\/\/www.ringier.com\/de\/\",\"name\":\"Ringier\",\"description\":\"We inform. We entertain. We connect\",\"publisher\":{\"@id\":\"https:\/\/www.ringier.com\/de\/#organization\"},\"potentialAction\":[{\"@type\":\"SearchAction\",\"target\":{\"@type\":\"EntryPoint\",\"urlTemplate\":\"https:\/\/www.ringier.com\/de\/?s={search_term_string}\"},\"query-input\":{\"@type\":\"PropertyValueSpecification\",\"valueRequired\":true,\"valueName\":\"search_term_string\"}}],\"inLanguage\":\"de-DE\"},{\"@type\":\"Organization\",\"@id\":\"https:\/\/www.ringier.com\/de\/#organization\",\"name\":\"Ringier\",\"url\":\"https:\/\/www.ringier.com\/de\/\",\"logo\":{\"@type\":\"ImageObject\",\"inLanguage\":\"de-DE\",\"@id\":\"https:\/\/www.ringier.com\/de\/#\/schema\/logo\/image\/\",\"url\":\"https:\/\/www.ringier.com\/wp-content\/uploads\/2021\/10\/ringier_logo_2.jpg\",\"contentUrl\":\"https:\/\/www.ringier.com\/wp-content\/uploads\/2021\/10\/ringier_logo_2.jpg\",\"width\":750,\"height\":550,\"caption\":\"Ringier\"},\"image\":{\"@id\":\"https:\/\/www.ringier.com\/de\/#\/schema\/logo\/image\/\"},\"sameAs\":[\"https:\/\/www.facebook.com\/ringierag\/\",\"https:\/\/x.com\/ringier_ag\",\"https:\/\/www.instagram.com\/ringier_ag\/\",\"https:\/\/www.linkedin.com\/company\/ringier\/\",\"https:\/\/www.youtube.com\/user\/RingierComm\",\"https:\/\/en.wikipedia.org\/wiki\/Ringier\",\"https:\/\/de.wikipedia.org\/wiki\/Ringier\",\"https:\/\/fr.wikipedia.org\/wiki\/Ringier\",\"https:\/\/www.crunchbase.com\/organization\/ringier-ag\"]}]}<\/script>\n<!-- \/ Yoast SEO Premium plugin. -->","yoast_head_json":{"title":"Ringier Areal - Ringier","robots":{"index":"index","follow":"follow","max-snippet":"max-snippet:-1","max-image-preview":"max-image-preview:large","max-video-preview":"max-video-preview:-1"},"canonical":"https:\/\/www.ringier.com\/de\/ringier-areal\/","og_locale":"de_DE","og_type":"article","og_title":"Ringier Areal","og_description":"Bauprojekt Das Areal des Unternehmens umfasst rund 55\u2019000 m2 an zentraler und hochattraktiver Lage, direkt beim Bahnhof in Zofingen. \u00dcber den westlichen Teil des Areals wurde ein Bauprojekt f\u00fcr eine Wohn\u00fcberbauung mit \u00fcber 200 Wohnungen ausgearbeitet, welches durch einen Drittinvestor realisiert werden soll. Die Investorenwahl soll im Jahr 2025 abgeschlossen werden. Zur weiteren St\u00e4rkung des [&hellip;]","og_url":"https:\/\/www.ringier.com\/de\/ringier-areal\/","og_site_name":"Ringier","article_publisher":"https:\/\/www.facebook.com\/ringierag\/","article_modified_time":"2025-06-19T09:36:01+00:00","og_image":[{"width":1920,"height":1008,"url":"https:\/\/www.ringier.com\/wp-content\/uploads\/2025\/05\/Ringier-Areal-Web-blau.jpg","type":"image\/jpeg"}],"twitter_card":"summary_large_image","twitter_site":"@ringier_ag","twitter_misc":{"Gesch\u00e4tzte Lesezeit":"2 Minuten"},"schema":{"@context":"https:\/\/schema.org","@graph":[{"@type":"WebPage","@id":"https:\/\/www.ringier.com\/de\/ringier-areal\/","url":"https:\/\/www.ringier.com\/de\/ringier-areal\/","name":"Ringier Areal - Ringier","isPartOf":{"@id":"https:\/\/www.ringier.com\/de\/#website"},"primaryImageOfPage":{"@id":"https:\/\/www.ringier.com\/de\/ringier-areal\/#primaryimage"},"image":{"@id":"https:\/\/www.ringier.com\/de\/ringier-areal\/#primaryimage"},"thumbnailUrl":"https:\/\/www.ringier.com\/wp-content\/uploads\/2025\/05\/Ringier-Areal-Web-blau.jpg","datePublished":"2025-06-19T09:34:10+00:00","dateModified":"2025-06-19T09:36:01+00:00","breadcrumb":{"@id":"https:\/\/www.ringier.com\/de\/ringier-areal\/#breadcrumb"},"inLanguage":"de-DE","potentialAction":[{"@type":"ReadAction","target":["https:\/\/www.ringier.com\/de\/ringier-areal\/"]}]},{"@type":"ImageObject","inLanguage":"de-DE","@id":"https:\/\/www.ringier.com\/de\/ringier-areal\/#primaryimage","url":"https:\/\/www.ringier.com\/wp-content\/uploads\/2025\/05\/Ringier-Areal-Web-blau.jpg","contentUrl":"https:\/\/www.ringier.com\/wp-content\/uploads\/2025\/05\/Ringier-Areal-Web-blau.jpg","width":1920,"height":1008},{"@type":"BreadcrumbList","@id":"https:\/\/www.ringier.com\/de\/ringier-areal\/#breadcrumb","itemListElement":[{"@type":"ListItem","position":1,"name":"Home","item":"https:\/\/www.ringier.com\/de\/"},{"@type":"ListItem","position":2,"name":"Ringier Areal"}]},{"@type":"WebSite","@id":"https:\/\/www.ringier.com\/de\/#website","url":"https:\/\/www.ringier.com\/de\/","name":"Ringier","description":"We inform. We entertain. We connect","publisher":{"@id":"https:\/\/www.ringier.com\/de\/#organization"},"potentialAction":[{"@type":"SearchAction","target":{"@type":"EntryPoint","urlTemplate":"https:\/\/www.ringier.com\/de\/?s={search_term_string}"},"query-input":{"@type":"PropertyValueSpecification","valueRequired":true,"valueName":"search_term_string"}}],"inLanguage":"de-DE"},{"@type":"Organization","@id":"https:\/\/www.ringier.com\/de\/#organization","name":"Ringier","url":"https:\/\/www.ringier.com\/de\/","logo":{"@type":"ImageObject","inLanguage":"de-DE","@id":"https:\/\/www.ringier.com\/de\/#\/schema\/logo\/image\/","url":"https:\/\/www.ringier.com\/wp-content\/uploads\/2021\/10\/ringier_logo_2.jpg","contentUrl":"https:\/\/www.ringier.com\/wp-content\/uploads\/2021\/10\/ringier_logo_2.jpg","width":750,"height":550,"caption":"Ringier"},"image":{"@id":"https:\/\/www.ringier.com\/de\/#\/schema\/logo\/image\/"},"sameAs":["https:\/\/www.facebook.com\/ringierag\/","https:\/\/x.com\/ringier_ag","https:\/\/www.instagram.com\/ringier_ag\/","https:\/\/www.linkedin.com\/company\/ringier\/","https:\/\/www.youtube.com\/user\/RingierComm","https:\/\/en.wikipedia.org\/wiki\/Ringier","https:\/\/de.wikipedia.org\/wiki\/Ringier","https:\/\/fr.wikipedia.org\/wiki\/Ringier","https:\/\/www.crunchbase.com\/organization\/ringier-ag"]}]}},"_links":{"self":[{"href":"https:\/\/www.ringier.com\/de\/wp-json\/wp\/v2\/pages\/21676","targetHints":{"allow":["GET"]}}],"collection":[{"href":"https:\/\/www.ringier.com\/de\/wp-json\/wp\/v2\/pages"}],"about":[{"href":"https:\/\/www.ringier.com\/de\/wp-json\/wp\/v2\/types\/page"}],"author":[{"embeddable":true,"href":"https:\/\/www.ringier.com\/de\/wp-json\/wp\/v2\/users\/24"}],"replies":[{"embeddable":true,"href":"https:\/\/www.ringier.com\/de\/wp-json\/wp\/v2\/comments?post=21676"}],"version-history":[{"count":0,"href":"https:\/\/www.ringier.com\/de\/wp-json\/wp\/v2\/pages\/21676\/revisions"}],"wp:featuredmedia":[{"embeddable":true,"href":"https:\/\/www.ringier.com\/de\/wp-json\/wp\/v2\/media\/21687"}],"wp:attachment":[{"href":"https:\/\/www.ringier.com\/de\/wp-json\/wp\/v2\/media?parent=21676"}],"wp:term":[{"taxonomy":"product","embeddable":true,"href":"https:\/\/www.ringier.com\/de\/wp-json\/wp\/v2\/product?post=21676"}],"curies":[{"name":"wp","href":"https:\/\/api.w.org\/{rel}","templated":true}]}}